{"id":130,"date":"2017-11-05T15:47:33","date_gmt":"2017-11-05T14:47:33","guid":{"rendered":"http:\/\/sscvl.fr\/?page_id=130"},"modified":"2026-03-22T16:43:52","modified_gmt":"2026-03-22T15:43:52","slug":"inscription-sortie","status":"publish","type":"page","link":"https:\/\/sscvl.fr\/?page_id=130","title":{"rendered":"Inscription Sorties CB"},"content":{"rendered":"Vous devez \u00eatre connect\u00e9 pour voir ce contenu.","protected":false},"excerpt":{"rendered":"Vous devez \u00eatre connect\u00e9 pour voir ce contenu.","protected":false},"author":1,"featured_media":0,"parent":0,"menu_order":0,"comment_status":"closed","ping_status":"closed","template":"","meta":{"_exactmetrics_skip_tracking":false,"_exactmetrics_sitenote_active":false,"_exactmetrics_sitenote_note":"","_exactmetrics_sitenote_category":0,"jetpack_post_was_ever_published":false,"footnotes":""},"aioseo_notices":[],"jetpack_sharing_enabled":true,"jetpack_shortlink":"https:\/\/wp.me\/P9mZxG-26","jetpack_likes_enabled":true,"jetpack-related-posts":[{"id":642,"url":"https:\/\/sscvl.fr\/?page_id=642","url_meta":{"origin":130,"position":0},"title":"Informations","author":"grand yeti","date":"16 octobre 2020","format":false,"excerpt":"Fonctionnement du club Le Ski et Snowboard Club de Villeneuve-Loubet est ouvert \u00e0 partir de 7 ans pour tous niveaux de ski et snowboard. L'encadrement est assur\u00e9 par des moniteurs f\u00e9d\u00e9raux. Des sorties sont organis\u00e9es tous les samedis hors vacances scolaires de D\u00e9cembre \u00e0 Mars-Avril en fonction des conditions d'enneigement.\u2026","rel":"","context":"Article similaire","block_context":{"text":"Article similaire","link":""},"img":{"alt_text":"","src":"","width":0,"height":0},"classes":[]},{"id":8,"url":"https:\/\/sscvl.fr\/?page_id=8","url_meta":{"origin":130,"position":1},"title":"\u00c0 propos du Club","author":"grand yeti","date":"30 juillet 2017","format":false,"excerpt":"HISTORIQUE DU SKI CLUB DE VILLENEUVE-LOUBETLe \u00ab SKI SCOLAIRE \u00bb a fonctionn\u00e9 \u00e0 VILLENEUVE-LOUBET pendant plus de trente ans, cr\u00e9\u00e9 dans les ann\u00e9es 60 par les directeurs des deux \u00e9coles primaires de la commune, Henri RIVOIRE et Michel BERTEAUX . Cette pratique ouverte aux \u00e9l\u00e8ves de CM1 et CM2 et\u2026","rel":"","context":"Article similaire","block_context":{"text":"Article similaire","link":""},"img":{"alt_text":"","src":"https:\/\/i0.wp.com\/sscvl.fr\/wp-content\/uploads\/2017\/07\/aproposduclub.png?fit=1200%2C800&ssl=1&resize=350%2C200","width":350,"height":200,"srcset":"https:\/\/i0.wp.com\/sscvl.fr\/wp-content\/uploads\/2017\/07\/aproposduclub.png?fit=1200%2C800&ssl=1&resize=350%2C200 1x, https:\/\/i0.wp.com\/sscvl.fr\/wp-content\/uploads\/2017\/07\/aproposduclub.png?fit=1200%2C800&ssl=1&resize=525%2C300 1.5x, https:\/\/i0.wp.com\/sscvl.fr\/wp-content\/uploads\/2017\/07\/aproposduclub.png?fit=1200%2C800&ssl=1&resize=700%2C400 2x, https:\/\/i0.wp.com\/sscvl.fr\/wp-content\/uploads\/2017\/07\/aproposduclub.png?fit=1200%2C800&ssl=1&resize=1050%2C600 3x"},"classes":[]},{"id":47194,"url":"https:\/\/sscvl.fr\/?page_id=47194","url_meta":{"origin":130,"position":2},"title":"Certificat M\u00e9dical","author":"Maxence Maillot","date":"29 ao\u00fbt 2024","format":false,"excerpt":"Enfin la grande simplification pour les certificats m\u00e9dicaux !\u00a0Il n\u2019est plus obligatoire et peut dans la plupart des cas \u00eatre remplac\u00e9 par une simple attestation sur l\u2019honneur. Au moment de l'inscription au club, il vous suffit de cocher la cache correspondante dans la derni\u00e8re partie du formulaire. Pour les licenci\u00e9s\u2026","rel":"","context":"Article similaire","block_context":{"text":"Article similaire","link":""},"img":{"alt_text":"","src":"","width":0,"height":0},"classes":[]},{"id":212,"url":"https:\/\/sscvl.fr\/?page_id=212","url_meta":{"origin":130,"position":3},"title":"Inscription Sorties Ch\u00e8que\/Esp\u00e8ce\/Avoir","author":"grand yeti","date":"3 d\u00e9cembre 2017","format":false,"excerpt":"Sortie le samedi 28 mars 2026 \u00e0 Isola 2000 RAPPEL\u00a0 : Pensez \u00e0 commander vos viennoiseries pour le matin. Et pr\u00e9voyez go\u00fbter et boisson pour l'apr\u00e8s-midi. Attention :\u00a0 Nous sommes nombreux : soyez ponctuels aux points de RV Coll\u00e8ge Rom\u00e9e : 6h45. Saint-Isidore : 7h05. Pont de la Manda :\u2026","rel":"","context":"Article similaire","block_context":{"text":"Article similaire","link":""},"img":{"alt_text":"","src":"","width":0,"height":0},"classes":[]},{"id":136,"url":"https:\/\/sscvl.fr\/?page_id=136","url_meta":{"origin":130,"position":4},"title":"Calendrier courses 2025\/2026","author":"grand yeti","date":"5 novembre 2017","format":false,"excerpt":"Rappel : Le port du casque est obligatoire pour tous les coureurs.\u00a0 Tous les coureurs de moins de 18 ans doivent obligatoirement porter une dorsale. Les courses sont ouvertes au groupe comp\u00e9tition et aux 3\u00e8me \u00e9toile (apr\u00e8s validation par les moniteurs du ski-club). L'inscription aux courses est gratuite. Voici les\u2026","rel":"","context":"Article similaire","block_context":{"text":"Article similaire","link":""},"img":{"alt_text":"","src":"","width":0,"height":0},"classes":[]},{"id":47211,"url":"https:\/\/sscvl.fr\/?page_id=47211","url_meta":{"origin":130,"position":5},"title":"Inscription 30 ans du SCVL : CB","author":"Maxence Maillot","date":"3 septembre 2024","format":false,"excerpt":"Le SCVL a \u00e9t\u00e9 fond\u00e9 en 1994. Nous f\u00eatons cette ann\u00e9e son 30\u00e8me anniversaire. A cette occasion, nous vous attendons nombreux pour une soir\u00e9e festive \u00e0 la salle Marcel Jacques de Villeneuve-Loubet (la m\u00eame que la bourse aux skis) le samedi 12 Octobre \u00e0 partir de 17h. Au menu :\u2026","rel":"","context":"Article similaire","block_context":{"text":"Article similaire","link":""},"img":{"alt_text":"","src":"","width":0,"height":0},"classes":[]}],"_links":{"self":[{"href":"https:\/\/sscvl.fr\/index.php?rest_route=\/wp\/v2\/pages\/130"}],"collection":[{"href":"https:\/\/sscvl.fr\/index.php?rest_route=\/wp\/v2\/pages"}],"about":[{"href":"https:\/\/sscvl.fr\/index.php?rest_route=\/wp\/v2\/types\/page"}],"author":[{"embeddable":true,"href":"https:\/\/sscvl.fr\/index.php?rest_route=\/wp\/v2\/users\/1"}],"replies":[{"embeddable":true,"href":"https:\/\/sscvl.fr\/index.php?rest_route=%2Fwp%2Fv2%2Fcomments&post=130"}],"version-history":[{"count":112,"href":"https:\/\/sscvl.fr\/index.php?rest_route=\/wp\/v2\/pages\/130\/revisions"}],"predecessor-version":[{"id":47476,"href":"https:\/\/sscvl.fr\/index.php?rest_route=\/wp\/v2\/pages\/130\/revisions\/47476"}],"wp:attachment":[{"href":"https:\/\/sscvl.fr\/index.php?rest_route=%2Fwp%2Fv2%2Fmedia&parent=130"}],"curies":[{"name":"wp","href":"https:\/\/api.w.org\/{rel}","templated":true}]}}