{"id":136,"date":"2017-11-05T15:52:14","date_gmt":"2017-11-05T14:52:14","guid":{"rendered":"http:\/\/sscvl.fr\/?page_id=136"},"modified":"2026-01-20T12:06:11","modified_gmt":"2026-01-20T11:06:11","slug":"calendrier-courses","status":"publish","type":"page","link":"https:\/\/sscvl.fr\/?page_id=136","title":{"rendered":"Calendrier courses 2025\/2026"},"content":{"rendered":"<h3 style=\"text-align: center;\"><strong>Rappel :<\/strong><\/h3>\n<ul>\n<li style=\"text-align: left;\">Le port du casque est obligatoire pour tous les coureurs.\u00a0<\/li>\n<li>Tous les coureurs de moins de 18 ans doivent obligatoirement porter une dorsale.<\/li>\n<li>Les courses sont ouvertes au groupe comp\u00e9tition et aux 3\u00e8me \u00e9toile (apr\u00e8s validation par les moniteurs du ski-club).<\/li>\n<li>L&rsquo;inscription aux courses est gratuite.<\/li>\n<\/ul>\n<p>Voici les courses auxquelles le club a pr\u00e9vu de participer. Prendre une licence FSGT pour cela ! <strong>Les inscriptions se font directement avec les formulaires habituels, en pr\u00e9cisant \u00ab\u00a0COURSE\u00a0\u00bb dans le champ de s\u00e9lection des viennoiseries. <\/strong>Dans le cas d&rsquo;une course le dimanche, merci de faire 2 inscriptions diff\u00e9rentes si vous souhaitez participer \u00e0 la fois \u00e0 la sortie du samedi et \u00e0 la course du dimanche.<\/p>\n<ul>\n<li><span style=\"color: #0000ff;\"><strong>Samedi 10 janvier<\/strong> <\/span>\u2013 Entrainement collectif\u2013 <span style=\"color: #ff0000;\">Isola 2000<\/span> \u2013 G\u00e9ant<\/li>\n<li><strong><span style=\"color: #0000ff;\">Samedi 17 janvier<\/span><\/strong> \u2013 Entrainement collectif\u2013 <span style=\"color: #ff0000;\">Isola 2000<\/span> \u2013 Slalom<\/li>\n<li><strong><span style=\"color: #0000ff;\">Samedi 24 janvier<\/span>\u00a0<\/strong>\u2013 ASVM\/Cagnes sur mer\u2013 <span style=\"color: #ff0000;\">Isola 2000<\/span> \u2013<span style=\"color: #ff0000;\"> <span style=\"color: #000000;\">G\u00e9ant<\/span><\/span><\/li>\n<li><span style=\"color: #0000ff;\"><strong><span style=\"color: #0000ff;\">Di<\/span>manche 01 f\u00e9vrier<\/strong><\/span> &#8211; Comit\u00e9 dep &#8211; <span style=\"color: #ff0000;\">Auron<\/span> &#8211; Slalom<\/li>\n<li><span style=\"color: #ff0000;\"><strong><span style=\"color: #0000ff;\">Samedi 07 F\u00e9vrier et Dimanche 08 F\u00e9vrier (*)<\/span> <span style=\"color: #000000;\">&#8211;<\/span><\/strong><span style=\"color: #000000;\"> M<\/span><span style=\"color: #000000;\">BC &#8211; <\/span>Limone <span style=\"color: #000000;\">&#8211; Duathlon<\/span><\/span><\/li>\n<li><span style=\"color: #0000ff;\"><strong>Samedi 28 F\u00e9vrier<\/strong>\u00a0<span style=\"color: #000000;\">&#8211;<\/span> <\/span>Carnaval des neiges\u2013 <span style=\"color: #ff0000;\">Auron <\/span>\u2013 G\u00e9ant (\u00e9preuve d\u00e9guis\u00e9e)<\/li>\n<li><strong><span style=\"color: #0000ff;\">Samedi 07 Mars <\/span><\/strong>\u2013 Villeneuve Loubet\/Cavigal\u2013 <span style=\"color: #ff0000;\">Isola 2000\u00a0<\/span>\u2013 Slalom<\/li>\n<li><strong><span style=\"color: #0000ff;\">Samedi 14 au Lundi 16 Mars <\/span><\/strong>\u2013 Championnat de France FSGT &#8211; <span style=\"color: #ff0000;\">Pyr\u00e9n\u00e9es<\/span><\/li>\n<li><strong><span style=\"color: #0000ff;\">Samedi 21 Mars <\/span><\/strong>\u2013 SCVL\/ Cavigal \u2013 <span style=\"color: #ff0000;\">Isola 2000<\/span><span style=\"color: #ff0000;\">\u00a0<\/span>\u2013 G\u00e9ant ESF<\/li>\n<li><strong><span style=\"color: #0000ff;\">Du Samedi 28 Mars<\/span> &#8211;<\/strong> Comit\u00e9 &#8211; <span style=\"color: #ff0000;\">Isola 2000\u00a0<span style=\"color: #000000;\">&#8211; Parall\u00e8le + remise des prix<\/span><\/span><\/li>\n<\/ul>\n\n\n<p><strong>Pour participer aux f\u00e9d\u00e9raux, 2 courses sont obligatoires avant les championnats. <\/strong><\/p>\n\n\n\n<p>(*) : Sauf contre-ordre, le club n&rsquo;a pas pr\u00e9vu de participer \u00e0 cette course.<\/p>\n","protected":false},"excerpt":{"rendered":"<p>Rappel : Le port du casque est obligatoire pour tous les coureurs.\u00a0 Tous les coureurs de moins de 18 ans doivent obligatoirement porter une dorsale. Les courses sont ouvertes au groupe comp\u00e9tition et aux 3\u00e8me \u00e9toile (apr\u00e8s validation par les moniteurs du ski-club). L&rsquo;inscription aux courses est gratuite. Voici les courses auxquelles le club a &hellip; <\/p>\n<p class=\"link-more\"><a href=\"https:\/\/sscvl.fr\/?page_id=136\" class=\"more-link\">Continuer la lecture<span class=\"screen-reader-text\"> de &laquo;&nbsp;Calendrier courses 2025\/2026&nbsp;&raquo;<\/span><\/a><\/p>\n","protected":false},"author":1,"featured_media":0,"parent":0,"menu_order":0,"comment_status":"closed","ping_status":"closed","template":"","meta":{"_exactmetrics_skip_tracking":false,"_exactmetrics_sitenote_active":false,"_exactmetrics_sitenote_note":"","_exactmetrics_sitenote_category":0,"jetpack_post_was_ever_published":false,"footnotes":""},"aioseo_notices":[],"jetpack_sharing_enabled":true,"jetpack_shortlink":"https:\/\/wp.me\/P9mZxG-2c","jetpack_likes_enabled":true,"jetpack-related-posts":[{"id":642,"url":"https:\/\/sscvl.fr\/?page_id=642","url_meta":{"origin":136,"position":0},"title":"Informations","author":"grand yeti","date":"16 octobre 2020","format":false,"excerpt":"Fonctionnement du club Le Ski et Snowboard Club de Villeneuve-Loubet est ouvert \u00e0 partir de 7 ans pour tous niveaux de ski et snowboard. L'encadrement est assur\u00e9 par des moniteurs f\u00e9d\u00e9raux. Des sorties sont organis\u00e9es tous les samedis hors vacances scolaires de D\u00e9cembre \u00e0 Mars-Avril en fonction des conditions d'enneigement.\u2026","rel":"","context":"Article similaire","block_context":{"text":"Article similaire","link":""},"img":{"alt_text":"","src":"","width":0,"height":0},"classes":[]},{"id":8,"url":"https:\/\/sscvl.fr\/?page_id=8","url_meta":{"origin":136,"position":1},"title":"\u00c0 propos du Club","author":"grand yeti","date":"30 juillet 2017","format":false,"excerpt":"HISTORIQUE DU SKI CLUB DE VILLENEUVE-LOUBETLe \u00ab SKI SCOLAIRE \u00bb a fonctionn\u00e9 \u00e0 VILLENEUVE-LOUBET pendant plus de trente ans, cr\u00e9\u00e9 dans les ann\u00e9es 60 par les directeurs des deux \u00e9coles primaires de la commune, Henri RIVOIRE et Michel BERTEAUX . Cette pratique ouverte aux \u00e9l\u00e8ves de CM1 et CM2 et\u2026","rel":"","context":"Article similaire","block_context":{"text":"Article similaire","link":""},"img":{"alt_text":"","src":"https:\/\/i0.wp.com\/sscvl.fr\/wp-content\/uploads\/2017\/07\/aproposduclub.png?fit=1200%2C800&ssl=1&resize=350%2C200","width":350,"height":200,"srcset":"https:\/\/i0.wp.com\/sscvl.fr\/wp-content\/uploads\/2017\/07\/aproposduclub.png?fit=1200%2C800&ssl=1&resize=350%2C200 1x, https:\/\/i0.wp.com\/sscvl.fr\/wp-content\/uploads\/2017\/07\/aproposduclub.png?fit=1200%2C800&ssl=1&resize=525%2C300 1.5x, https:\/\/i0.wp.com\/sscvl.fr\/wp-content\/uploads\/2017\/07\/aproposduclub.png?fit=1200%2C800&ssl=1&resize=700%2C400 2x, https:\/\/i0.wp.com\/sscvl.fr\/wp-content\/uploads\/2017\/07\/aproposduclub.png?fit=1200%2C800&ssl=1&resize=1050%2C600 3x"},"classes":[]},{"id":7,"url":"https:\/\/sscvl.fr\/","url_meta":{"origin":136,"position":2},"title":"Accueil","author":"grand yeti","date":"30 juillet 2017","format":false,"excerpt":"Bienvenue sur le site du SKI et SNOWBOARD CLUB de VILLEUNEUVE-LOUBET ADRESSE MAIL : sscvl06270@gmail.com Les inscriptions au club sont ferm\u00e9es, le club est complet. Si vous souhaitez \u00eatre mis sur la liste d'attente pour l'ann\u00e9e prochaine, envoyez nous un e-mail en pr\u00e9cisant votre num\u00e9ro de t\u00e9l\u00e9phone. La prochaine sortie\u2026","rel":"","context":"Article similaire","block_context":{"text":"Article similaire","link":""},"img":{"alt_text":"","src":"","width":0,"height":0},"classes":[]},{"id":222,"url":"https:\/\/sscvl.fr\/?page_id=222","url_meta":{"origin":136,"position":3},"title":"Finalisation inscriptions Sorties","author":"grand yeti","date":"3 d\u00e9cembre 2017","format":false,"excerpt":"Votre demande d'inscription est enregistr\u00e9e ! Si vous avez fait une demande d'inscription par ch\u00e8que, merci de vous pr\u00e9senter avec le r\u00e8glement samedi matin. Les rendez-vous: Coll\u00e8ge Rom\u00e9e (Villeneuve-Loubet) : 06h50 Saint Isidore Nice ( Contre all\u00e9e Leclerc ) : 07h10 Pont de la Manda : 7h20 Retour le soir\u2026","rel":"","context":"Article similaire","block_context":{"text":"Article similaire","link":""},"img":{"alt_text":"","src":"","width":0,"height":0},"classes":[]},{"id":47475,"url":"https:\/\/sscvl.fr\/?page_id=47475","url_meta":{"origin":136,"position":4},"title":"Sortie Parent Enfant CB","author":"Maxence Maillot","date":"29 mars 2026","format":false,"excerpt":"Sortie Parent Enfant le samedi 4 avril 2026 \u00e0 Isola 2000 pour les licenci\u00e9s du club, c\u2019est une sortie \u00ab\u00a0normale\u00a0\u00bb (Pas besoin de venir accompagn\u00e9s par ses parents !). pour les non licenci\u00e9s, 3 formules possibles RAPPEL\u00a0 : Pensez \u00e0 commander vos viennoiseries pour le matin. Attention :\u00a0 Nous sommes\u2026","rel":"","context":"Article similaire","block_context":{"text":"Article similaire","link":""},"img":{"alt_text":"","src":"","width":0,"height":0},"classes":[]},{"id":47480,"url":"https:\/\/sscvl.fr\/?page_id=47480","url_meta":{"origin":136,"position":5},"title":"Sortie Parent Enfant Ch\u00e8que\/Esp\u00e8ce\/Avoir","author":"Maxence Maillot","date":"29 mars 2026","format":false,"excerpt":"Sortie Parent Enfant le samedi 4 avril 2026 \u00e0 Isola 2000 pour les licenci\u00e9s du club, c\u2019est une sortie \u00ab\u00a0normale\u00a0\u00bb (Pas besoin de venir accompagn\u00e9s par ses parents !). pour les non licenci\u00e9s, 3 formules possibles RAPPEL\u00a0 : Pensez \u00e0 commander vos viennoiseries pour le matin. Attention :\u00a0 Nous sommes\u2026","rel":"","context":"Article similaire","block_context":{"text":"Article similaire","link":""},"img":{"alt_text":"","src":"","width":0,"height":0},"classes":[]}],"_links":{"self":[{"href":"https:\/\/sscvl.fr\/index.php?rest_route=\/wp\/v2\/pages\/136"}],"collection":[{"href":"https:\/\/sscvl.fr\/index.php?rest_route=\/wp\/v2\/pages"}],"about":[{"href":"https:\/\/sscvl.fr\/index.php?rest_route=\/wp\/v2\/types\/page"}],"author":[{"embeddable":true,"href":"https:\/\/sscvl.fr\/index.php?rest_route=\/wp\/v2\/users\/1"}],"replies":[{"embeddable":true,"href":"https:\/\/sscvl.fr\/index.php?rest_route=%2Fwp%2Fv2%2Fcomments&post=136"}],"version-history":[{"count":45,"href":"https:\/\/sscvl.fr\/index.php?rest_route=\/wp\/v2\/pages\/136\/revisions"}],"predecessor-version":[{"id":47425,"href":"https:\/\/sscvl.fr\/index.php?rest_route=\/wp\/v2\/pages\/136\/revisions\/47425"}],"wp:attachment":[{"href":"https:\/\/sscvl.fr\/index.php?rest_route=%2Fwp%2Fv2%2Fmedia&parent=136"}],"curies":[{"name":"wp","href":"https:\/\/api.w.org\/{rel}","templated":true}]}}