{"id":151,"date":"2017-11-05T21:29:37","date_gmt":"2017-11-05T20:29:37","guid":{"rendered":"http:\/\/sscvl.fr\/?page_id=151"},"modified":"2023-03-26T18:59:20","modified_gmt":"2023-03-26T16:59:20","slug":"resultats","status":"publish","type":"page","link":"https:\/\/sscvl.fr\/?page_id=151","title":{"rendered":"R\u00e9sultats"},"content":{"rendered":"\n<p>Le ski-club de Villeneuve-Loubet s&rsquo;est rendu du 17 au 19 Mars \u00e0 Val-Cenis \u00e0 l&rsquo;occasion des championnats de France FSGT de ski. Nous avons le plaisir de vous annoncer les tr\u00e8s belles performances de :<\/p>\n\n\n\n<ul>\n<li><strong>Isabelle CHRETIEN<\/strong>,\u00a0 cat\u00e9gorie \u00ab\u00a0Spatule d&rsquo;or Femme\u00a0\u00bb,\u00a0championne de France en g\u00e9ant, slalom sp\u00e9cial, super g\u00e9ant et combin\u00e9<\/li>\n\n\n\n<li><strong>Elena BATY-BAGARRI<\/strong>,\u00a0 cat\u00e9gorie \u00ab\u00a0Jeune Femme\u00a0\u00bb,\u00a0vice-campionne de France en g\u00e9ant et en super g\u00e9ant,<\/li>\n\n\n\n<li><strong>Marcus CORE<\/strong>, cat\u00e9gorie \u00ab\u00a0Espoir Homme\u00a0\u00bb, champion de France en slalom sp\u00e9cial et en combin\u00e9<\/li>\n\n\n\n<li><strong>Timour SCHICK,<\/strong>\u00a0 cat\u00e9gorie \u00ab\u00a0Espoir Homme\u00a0\u00bb, vice-champion de France en slalom sp\u00e9cial et en combin\u00e9.<\/li>\n\n\n\n<li>Parmi les accompagnants, <strong>Claire DIVOUX<\/strong> a remport\u00e9 la course de l&rsquo;amiti\u00e9 chez les femmes.<\/li>\n<\/ul>\n\n\n\n<p>Bravo \u00e0 tous! Vous trouverez ci-joint quelques photos de l&rsquo;\u00e9quipe et des podiums. Les prochains championnats auront lieu \u00e0 Isola en Mars 2024.<\/p>\n\n\n<p><img data-attachment-id=\"46972\" data-permalink=\"https:\/\/sscvl.fr\/?attachment_id=46972\" data-orig-file=\"https:\/\/i0.wp.com\/sscvl.fr\/wp-content\/uploads\/2023\/03\/Reconnaissance-scaled.jpg?fit=2560%2C1920&amp;ssl=1\" data-orig-size=\"2560,1920\" data-comments-opened=\"0\" data-image-meta=\"{&quot;aperture&quot;:&quot;1.9&quot;,&quot;credit&quot;:&quot;&quot;,&quot;camera&quot;:&quot;SM-A520F&quot;,&quot;caption&quot;:&quot;&quot;,&quot;created_timestamp&quot;:&quot;1679048300&quot;,&quot;copyright&quot;:&quot;&quot;,&quot;focal_length&quot;:&quot;3.6&quot;,&quot;iso&quot;:&quot;40&quot;,&quot;shutter_speed&quot;:&quot;0.00075815011372252&quot;,&quot;title&quot;:&quot;&quot;,&quot;orientation&quot;:&quot;1&quot;}\" data-image-title=\"Reconnaissance\" data-image-description=\"\" data-image-caption=\"\" data-medium-file=\"https:\/\/i0.wp.com\/sscvl.fr\/wp-content\/uploads\/2023\/03\/Reconnaissance-scaled.jpg?fit=300%2C225&amp;ssl=1\" data-large-file=\"https:\/\/i0.wp.com\/sscvl.fr\/wp-content\/uploads\/2023\/03\/Reconnaissance-scaled.jpg?fit=525%2C394&amp;ssl=1\" decoding=\"async\" loading=\"lazy\" class=\"alignnone size-medium wp-image-46972\" src=\"https:\/\/i0.wp.com\/sscvl.fr\/wp-content\/uploads\/2023\/03\/Reconnaissance.jpg?resize=300%2C225&#038;ssl=1\" alt=\"\" width=\"300\" height=\"225\" srcset=\"https:\/\/i0.wp.com\/sscvl.fr\/wp-content\/uploads\/2023\/03\/Reconnaissance-scaled.jpg?resize=300%2C225&amp;ssl=1 300w, https:\/\/i0.wp.com\/sscvl.fr\/wp-content\/uploads\/2023\/03\/Reconnaissance-scaled.jpg?resize=1024%2C768&amp;ssl=1 1024w, https:\/\/i0.wp.com\/sscvl.fr\/wp-content\/uploads\/2023\/03\/Reconnaissance-scaled.jpg?resize=768%2C576&amp;ssl=1 768w, https:\/\/i0.wp.com\/sscvl.fr\/wp-content\/uploads\/2023\/03\/Reconnaissance-scaled.jpg?resize=1536%2C1152&amp;ssl=1 1536w, https:\/\/i0.wp.com\/sscvl.fr\/wp-content\/uploads\/2023\/03\/Reconnaissance-scaled.jpg?resize=2048%2C1536&amp;ssl=1 2048w\" sizes=\"(max-width: 300px) 100vw, 300px\" data-recalc-dims=\"1\" \/> <img data-attachment-id=\"46971\" data-permalink=\"https:\/\/sscvl.fr\/?attachment_id=46971\" data-orig-file=\"https:\/\/i0.wp.com\/sscvl.fr\/wp-content\/uploads\/2023\/03\/Podium_Elena.jpg?fit=1024%2C768&amp;ssl=1\" data-orig-size=\"1024,768\" data-comments-opened=\"0\" data-image-meta=\"{&quot;aperture&quot;:&quot;0&quot;,&quot;credit&quot;:&quot;&quot;,&quot;camera&quot;:&quot;&quot;,&quot;caption&quot;:&quot;&quot;,&quot;created_timestamp&quot;:&quot;0&quot;,&quot;copyright&quot;:&quot;&quot;,&quot;focal_length&quot;:&quot;0&quot;,&quot;iso&quot;:&quot;0&quot;,&quot;shutter_speed&quot;:&quot;0&quot;,&quot;title&quot;:&quot;&quot;,&quot;orientation&quot;:&quot;0&quot;}\" data-image-title=\"Podium_Elena\" data-image-description=\"\" data-image-caption=\"\" data-medium-file=\"https:\/\/i0.wp.com\/sscvl.fr\/wp-content\/uploads\/2023\/03\/Podium_Elena.jpg?fit=300%2C225&amp;ssl=1\" data-large-file=\"https:\/\/i0.wp.com\/sscvl.fr\/wp-content\/uploads\/2023\/03\/Podium_Elena.jpg?fit=525%2C394&amp;ssl=1\" decoding=\"async\" loading=\"lazy\" class=\"alignnone size-medium wp-image-46971\" src=\"https:\/\/i0.wp.com\/sscvl.fr\/wp-content\/uploads\/2023\/03\/Podium_Elena.jpg?resize=300%2C225&#038;ssl=1\" alt=\"\" width=\"300\" height=\"225\" srcset=\"https:\/\/i0.wp.com\/sscvl.fr\/wp-content\/uploads\/2023\/03\/Podium_Elena.jpg?resize=300%2C225&amp;ssl=1 300w, https:\/\/i0.wp.com\/sscvl.fr\/wp-content\/uploads\/2023\/03\/Podium_Elena.jpg?resize=768%2C576&amp;ssl=1 768w, https:\/\/i0.wp.com\/sscvl.fr\/wp-content\/uploads\/2023\/03\/Podium_Elena.jpg?w=1024&amp;ssl=1 1024w\" sizes=\"(max-width: 300px) 100vw, 300px\" data-recalc-dims=\"1\" \/> <img data-attachment-id=\"46970\" data-permalink=\"https:\/\/sscvl.fr\/?attachment_id=46970\" data-orig-file=\"https:\/\/i0.wp.com\/sscvl.fr\/wp-content\/uploads\/2023\/03\/Val_Cenis-scaled.jpg?fit=2560%2C1928&amp;ssl=1\" data-orig-size=\"2560,1928\" data-comments-opened=\"0\" data-image-meta=\"{&quot;aperture&quot;:&quot;1.85&quot;,&quot;credit&quot;:&quot;&quot;,&quot;camera&quot;:&quot;Pixel 6&quot;,&quot;caption&quot;:&quot;&quot;,&quot;created_timestamp&quot;:&quot;1679070547&quot;,&quot;copyright&quot;:&quot;&quot;,&quot;focal_length&quot;:&quot;6.81&quot;,&quot;iso&quot;:&quot;49&quot;,&quot;shutter_speed&quot;:&quot;0.000168&quot;,&quot;title&quot;:&quot;&quot;,&quot;orientation&quot;:&quot;1&quot;}\" data-image-title=\"Val_Cenis\" data-image-description=\"\" data-image-caption=\"\" data-medium-file=\"https:\/\/i0.wp.com\/sscvl.fr\/wp-content\/uploads\/2023\/03\/Val_Cenis-scaled.jpg?fit=300%2C226&amp;ssl=1\" data-large-file=\"https:\/\/i0.wp.com\/sscvl.fr\/wp-content\/uploads\/2023\/03\/Val_Cenis-scaled.jpg?fit=525%2C395&amp;ssl=1\" decoding=\"async\" loading=\"lazy\" class=\"alignnone size-medium wp-image-46970\" src=\"https:\/\/i0.wp.com\/sscvl.fr\/wp-content\/uploads\/2023\/03\/Val_Cenis.jpg?resize=300%2C226&#038;ssl=1\" alt=\"\" width=\"300\" height=\"226\" srcset=\"https:\/\/i0.wp.com\/sscvl.fr\/wp-content\/uploads\/2023\/03\/Val_Cenis-scaled.jpg?resize=300%2C226&amp;ssl=1 300w, https:\/\/i0.wp.com\/sscvl.fr\/wp-content\/uploads\/2023\/03\/Val_Cenis-scaled.jpg?resize=1024%2C771&amp;ssl=1 1024w, https:\/\/i0.wp.com\/sscvl.fr\/wp-content\/uploads\/2023\/03\/Val_Cenis-scaled.jpg?resize=768%2C578&amp;ssl=1 768w, https:\/\/i0.wp.com\/sscvl.fr\/wp-content\/uploads\/2023\/03\/Val_Cenis-scaled.jpg?resize=1536%2C1157&amp;ssl=1 1536w, https:\/\/i0.wp.com\/sscvl.fr\/wp-content\/uploads\/2023\/03\/Val_Cenis-scaled.jpg?resize=2048%2C1542&amp;ssl=1 2048w\" sizes=\"(max-width: 300px) 100vw, 300px\" data-recalc-dims=\"1\" \/> <img data-attachment-id=\"46969\" data-permalink=\"https:\/\/sscvl.fr\/?attachment_id=46969\" data-orig-file=\"https:\/\/i0.wp.com\/sscvl.fr\/wp-content\/uploads\/2023\/03\/Podium_Marcus_Timour-scaled.jpg?fit=2560%2C1928&amp;ssl=1\" data-orig-size=\"2560,1928\" data-comments-opened=\"0\" data-image-meta=\"{&quot;aperture&quot;:&quot;1.85&quot;,&quot;credit&quot;:&quot;&quot;,&quot;camera&quot;:&quot;Pixel 6&quot;,&quot;caption&quot;:&quot;&quot;,&quot;created_timestamp&quot;:&quot;1679237324&quot;,&quot;copyright&quot;:&quot;&quot;,&quot;focal_length&quot;:&quot;6.81&quot;,&quot;iso&quot;:&quot;699&quot;,&quot;shutter_speed&quot;:&quot;0.01&quot;,&quot;title&quot;:&quot;&quot;,&quot;orientation&quot;:&quot;1&quot;}\" data-image-title=\"Podium_Marcus_Timour\" data-image-description=\"\" data-image-caption=\"\" data-medium-file=\"https:\/\/i0.wp.com\/sscvl.fr\/wp-content\/uploads\/2023\/03\/Podium_Marcus_Timour-scaled.jpg?fit=300%2C226&amp;ssl=1\" data-large-file=\"https:\/\/i0.wp.com\/sscvl.fr\/wp-content\/uploads\/2023\/03\/Podium_Marcus_Timour-scaled.jpg?fit=525%2C395&amp;ssl=1\" decoding=\"async\" loading=\"lazy\" class=\"alignnone size-medium wp-image-46969\" src=\"https:\/\/i0.wp.com\/sscvl.fr\/wp-content\/uploads\/2023\/03\/Podium_Marcus_Timour.jpg?resize=300%2C226&#038;ssl=1\" alt=\"\" width=\"300\" height=\"226\" srcset=\"https:\/\/i0.wp.com\/sscvl.fr\/wp-content\/uploads\/2023\/03\/Podium_Marcus_Timour-scaled.jpg?resize=300%2C226&amp;ssl=1 300w, https:\/\/i0.wp.com\/sscvl.fr\/wp-content\/uploads\/2023\/03\/Podium_Marcus_Timour-scaled.jpg?resize=1024%2C771&amp;ssl=1 1024w, https:\/\/i0.wp.com\/sscvl.fr\/wp-content\/uploads\/2023\/03\/Podium_Marcus_Timour-scaled.jpg?resize=768%2C578&amp;ssl=1 768w, https:\/\/i0.wp.com\/sscvl.fr\/wp-content\/uploads\/2023\/03\/Podium_Marcus_Timour-scaled.jpg?resize=1536%2C1157&amp;ssl=1 1536w, https:\/\/i0.wp.com\/sscvl.fr\/wp-content\/uploads\/2023\/03\/Podium_Marcus_Timour-scaled.jpg?resize=2048%2C1542&amp;ssl=1 2048w\" sizes=\"(max-width: 300px) 100vw, 300px\" data-recalc-dims=\"1\" \/> <img data-attachment-id=\"46968\" data-permalink=\"https:\/\/sscvl.fr\/?attachment_id=46968\" data-orig-file=\"https:\/\/i0.wp.com\/sscvl.fr\/wp-content\/uploads\/2023\/03\/Podium_Isabelle-scaled.jpg?fit=2560%2C1928&amp;ssl=1\" data-orig-size=\"2560,1928\" data-comments-opened=\"0\" data-image-meta=\"{&quot;aperture&quot;:&quot;1.85&quot;,&quot;credit&quot;:&quot;&quot;,&quot;camera&quot;:&quot;Pixel 6&quot;,&quot;caption&quot;:&quot;&quot;,&quot;created_timestamp&quot;:&quot;1679237289&quot;,&quot;copyright&quot;:&quot;&quot;,&quot;focal_length&quot;:&quot;6.81&quot;,&quot;iso&quot;:&quot;656&quot;,&quot;shutter_speed&quot;:&quot;0.01&quot;,&quot;title&quot;:&quot;&quot;,&quot;orientation&quot;:&quot;1&quot;}\" data-image-title=\"Podium_Isabelle\" data-image-description=\"\" data-image-caption=\"\" data-medium-file=\"https:\/\/i0.wp.com\/sscvl.fr\/wp-content\/uploads\/2023\/03\/Podium_Isabelle-scaled.jpg?fit=300%2C226&amp;ssl=1\" data-large-file=\"https:\/\/i0.wp.com\/sscvl.fr\/wp-content\/uploads\/2023\/03\/Podium_Isabelle-scaled.jpg?fit=525%2C395&amp;ssl=1\" decoding=\"async\" loading=\"lazy\" class=\"alignnone size-medium wp-image-46968\" src=\"https:\/\/i0.wp.com\/sscvl.fr\/wp-content\/uploads\/2023\/03\/Podium_Isabelle.jpg?resize=300%2C226&#038;ssl=1\" alt=\"\" width=\"300\" height=\"226\" srcset=\"https:\/\/i0.wp.com\/sscvl.fr\/wp-content\/uploads\/2023\/03\/Podium_Isabelle-scaled.jpg?resize=300%2C226&amp;ssl=1 300w, https:\/\/i0.wp.com\/sscvl.fr\/wp-content\/uploads\/2023\/03\/Podium_Isabelle-scaled.jpg?resize=1024%2C771&amp;ssl=1 1024w, https:\/\/i0.wp.com\/sscvl.fr\/wp-content\/uploads\/2023\/03\/Podium_Isabelle-scaled.jpg?resize=768%2C578&amp;ssl=1 768w, https:\/\/i0.wp.com\/sscvl.fr\/wp-content\/uploads\/2023\/03\/Podium_Isabelle-scaled.jpg?resize=1536%2C1157&amp;ssl=1 1536w, https:\/\/i0.wp.com\/sscvl.fr\/wp-content\/uploads\/2023\/03\/Podium_Isabelle-scaled.jpg?resize=2048%2C1542&amp;ssl=1 2048w\" sizes=\"(max-width: 300px) 100vw, 300px\" data-recalc-dims=\"1\" \/> <img data-attachment-id=\"46967\" data-permalink=\"https:\/\/sscvl.fr\/?attachment_id=46967\" data-orig-file=\"https:\/\/i0.wp.com\/sscvl.fr\/wp-content\/uploads\/2023\/03\/Equipe_Jeune.jpg?fit=1024%2C768&amp;ssl=1\" data-orig-size=\"1024,768\" data-comments-opened=\"0\" data-image-meta=\"{&quot;aperture&quot;:&quot;0&quot;,&quot;credit&quot;:&quot;&quot;,&quot;camera&quot;:&quot;&quot;,&quot;caption&quot;:&quot;&quot;,&quot;created_timestamp&quot;:&quot;0&quot;,&quot;copyright&quot;:&quot;&quot;,&quot;focal_length&quot;:&quot;0&quot;,&quot;iso&quot;:&quot;0&quot;,&quot;shutter_speed&quot;:&quot;0&quot;,&quot;title&quot;:&quot;&quot;,&quot;orientation&quot;:&quot;0&quot;}\" data-image-title=\"Equipe_Jeune\" data-image-description=\"\" data-image-caption=\"\" data-medium-file=\"https:\/\/i0.wp.com\/sscvl.fr\/wp-content\/uploads\/2023\/03\/Equipe_Jeune.jpg?fit=300%2C225&amp;ssl=1\" data-large-file=\"https:\/\/i0.wp.com\/sscvl.fr\/wp-content\/uploads\/2023\/03\/Equipe_Jeune.jpg?fit=525%2C394&amp;ssl=1\" decoding=\"async\" loading=\"lazy\" class=\"alignnone size-medium wp-image-46967\" src=\"https:\/\/i0.wp.com\/sscvl.fr\/wp-content\/uploads\/2023\/03\/Equipe_Jeune.jpg?resize=300%2C225&#038;ssl=1\" alt=\"\" width=\"300\" height=\"225\" srcset=\"https:\/\/i0.wp.com\/sscvl.fr\/wp-content\/uploads\/2023\/03\/Equipe_Jeune.jpg?resize=300%2C225&amp;ssl=1 300w, https:\/\/i0.wp.com\/sscvl.fr\/wp-content\/uploads\/2023\/03\/Equipe_Jeune.jpg?resize=768%2C576&amp;ssl=1 768w, https:\/\/i0.wp.com\/sscvl.fr\/wp-content\/uploads\/2023\/03\/Equipe_Jeune.jpg?w=1024&amp;ssl=1 1024w\" sizes=\"(max-width: 300px) 100vw, 300px\" data-recalc-dims=\"1\" \/> <img data-attachment-id=\"46966\" data-permalink=\"https:\/\/sscvl.fr\/?attachment_id=46966\" data-orig-file=\"https:\/\/i0.wp.com\/sscvl.fr\/wp-content\/uploads\/2023\/03\/Podium_Claire.jpg?fit=1024%2C768&amp;ssl=1\" data-orig-size=\"1024,768\" data-comments-opened=\"0\" data-image-meta=\"{&quot;aperture&quot;:&quot;0&quot;,&quot;credit&quot;:&quot;&quot;,&quot;camera&quot;:&quot;&quot;,&quot;caption&quot;:&quot;&quot;,&quot;created_timestamp&quot;:&quot;0&quot;,&quot;copyright&quot;:&quot;&quot;,&quot;focal_length&quot;:&quot;0&quot;,&quot;iso&quot;:&quot;0&quot;,&quot;shutter_speed&quot;:&quot;0&quot;,&quot;title&quot;:&quot;&quot;,&quot;orientation&quot;:&quot;0&quot;}\" data-image-title=\"Podium_Claire\" data-image-description=\"\" data-image-caption=\"\" data-medium-file=\"https:\/\/i0.wp.com\/sscvl.fr\/wp-content\/uploads\/2023\/03\/Podium_Claire.jpg?fit=300%2C225&amp;ssl=1\" data-large-file=\"https:\/\/i0.wp.com\/sscvl.fr\/wp-content\/uploads\/2023\/03\/Podium_Claire.jpg?fit=525%2C394&amp;ssl=1\" decoding=\"async\" loading=\"lazy\" class=\"alignnone size-medium wp-image-46966\" src=\"https:\/\/i0.wp.com\/sscvl.fr\/wp-content\/uploads\/2023\/03\/Podium_Claire.jpg?resize=300%2C225&#038;ssl=1\" alt=\"\" width=\"300\" height=\"225\" srcset=\"https:\/\/i0.wp.com\/sscvl.fr\/wp-content\/uploads\/2023\/03\/Podium_Claire.jpg?resize=300%2C225&amp;ssl=1 300w, https:\/\/i0.wp.com\/sscvl.fr\/wp-content\/uploads\/2023\/03\/Podium_Claire.jpg?resize=768%2C576&amp;ssl=1 768w, https:\/\/i0.wp.com\/sscvl.fr\/wp-content\/uploads\/2023\/03\/Podium_Claire.jpg?w=1024&amp;ssl=1 1024w\" sizes=\"(max-width: 300px) 100vw, 300px\" data-recalc-dims=\"1\" \/><\/p>","protected":false},"excerpt":{"rendered":"<p>Le ski-club de Villeneuve-Loubet s&rsquo;est rendu du 17 au 19 Mars \u00e0 Val-Cenis \u00e0 l&rsquo;occasion des championnats de France FSGT de ski. Nous avons le plaisir de vous annoncer les tr\u00e8s belles performances de : Bravo \u00e0 tous! Vous trouverez ci-joint quelques photos de l&rsquo;\u00e9quipe et des podiums. Les prochains championnats auront lieu \u00e0 Isola &hellip; <\/p>\n<p class=\"link-more\"><a href=\"https:\/\/sscvl.fr\/?page_id=151\" class=\"more-link\">Continuer la lecture<span class=\"screen-reader-text\"> de &laquo;&nbsp;R\u00e9sultats&nbsp;&raquo;<\/span><\/a><\/p>\n","protected":false},"author":1,"featured_media":0,"parent":0,"menu_order":0,"comment_status":"closed","ping_status":"closed","template":"","meta":{"_exactmetrics_skip_tracking":false,"_exactmetrics_sitenote_active":false,"_exactmetrics_sitenote_note":"","_exactmetrics_sitenote_category":0,"jetpack_post_was_ever_published":false,"footnotes":""},"aioseo_notices":[],"jetpack_sharing_enabled":true,"jetpack_shortlink":"https:\/\/wp.me\/P9mZxG-2r","jetpack_likes_enabled":true,"jetpack-related-posts":[{"id":136,"url":"https:\/\/sscvl.fr\/?page_id=136","url_meta":{"origin":151,"position":0},"title":"Calendrier courses 2025\/2026","author":"grand yeti","date":"5 novembre 2017","format":false,"excerpt":"Rappel : Le port du casque est obligatoire pour tous les coureurs.\u00a0 Tous les coureurs de moins de 18 ans doivent obligatoirement porter une dorsale. Les courses sont ouvertes au groupe comp\u00e9tition et aux 3\u00e8me \u00e9toile (apr\u00e8s validation par les moniteurs du ski-club). L'inscription aux courses est gratuite. Voici les\u2026","rel":"","context":"Article similaire","block_context":{"text":"Article similaire","link":""},"img":{"alt_text":"","src":"","width":0,"height":0},"classes":[]},{"id":8,"url":"https:\/\/sscvl.fr\/?page_id=8","url_meta":{"origin":151,"position":1},"title":"\u00c0 propos du Club","author":"grand yeti","date":"30 juillet 2017","format":false,"excerpt":"HISTORIQUE DU SKI CLUB DE VILLENEUVE-LOUBETLe \u00ab SKI SCOLAIRE \u00bb a fonctionn\u00e9 \u00e0 VILLENEUVE-LOUBET pendant plus de trente ans, cr\u00e9\u00e9 dans les ann\u00e9es 60 par les directeurs des deux \u00e9coles primaires de la commune, Henri RIVOIRE et Michel BERTEAUX . Cette pratique ouverte aux \u00e9l\u00e8ves de CM1 et CM2 et\u2026","rel":"","context":"Article similaire","block_context":{"text":"Article similaire","link":""},"img":{"alt_text":"","src":"https:\/\/i0.wp.com\/sscvl.fr\/wp-content\/uploads\/2017\/07\/aproposduclub.png?fit=1200%2C800&ssl=1&resize=350%2C200","width":350,"height":200,"srcset":"https:\/\/i0.wp.com\/sscvl.fr\/wp-content\/uploads\/2017\/07\/aproposduclub.png?fit=1200%2C800&ssl=1&resize=350%2C200 1x, https:\/\/i0.wp.com\/sscvl.fr\/wp-content\/uploads\/2017\/07\/aproposduclub.png?fit=1200%2C800&ssl=1&resize=525%2C300 1.5x, https:\/\/i0.wp.com\/sscvl.fr\/wp-content\/uploads\/2017\/07\/aproposduclub.png?fit=1200%2C800&ssl=1&resize=700%2C400 2x, https:\/\/i0.wp.com\/sscvl.fr\/wp-content\/uploads\/2017\/07\/aproposduclub.png?fit=1200%2C800&ssl=1&resize=1050%2C600 3x"},"classes":[]},{"id":642,"url":"https:\/\/sscvl.fr\/?page_id=642","url_meta":{"origin":151,"position":2},"title":"Informations","author":"grand yeti","date":"16 octobre 2020","format":false,"excerpt":"Fonctionnement du club Le Ski et Snowboard Club de Villeneuve-Loubet est ouvert \u00e0 partir de 7 ans pour tous niveaux de ski et snowboard. L'encadrement est assur\u00e9 par des moniteurs f\u00e9d\u00e9raux. Des sorties sont organis\u00e9es tous les samedis hors vacances scolaires de D\u00e9cembre \u00e0 Mars-Avril en fonction des conditions d'enneigement.\u2026","rel":"","context":"Article similaire","block_context":{"text":"Article similaire","link":""},"img":{"alt_text":"","src":"","width":0,"height":0},"classes":[]},{"id":7,"url":"https:\/\/sscvl.fr\/","url_meta":{"origin":151,"position":3},"title":"Accueil","author":"grand yeti","date":"30 juillet 2017","format":false,"excerpt":"Bienvenue sur le site du SKI et SNOWBOARD CLUB de VILLEUNEUVE-LOUBET ADRESSE MAIL : sscvl06270@gmail.com Les inscriptions au club sont ferm\u00e9es, le club est complet. Si vous souhaitez \u00eatre mis sur la liste d'attente pour l'ann\u00e9e prochaine, envoyez nous un e-mail en pr\u00e9cisant votre num\u00e9ro de t\u00e9l\u00e9phone. La prochaine sortie\u2026","rel":"","context":"Article similaire","block_context":{"text":"Article similaire","link":""},"img":{"alt_text":"","src":"","width":0,"height":0},"classes":[]},{"id":134,"url":"https:\/\/sscvl.fr\/?page_id=134","url_meta":{"origin":151,"position":4},"title":"Comp\u00e9tition","author":"grand yeti","date":"5 novembre 2017","format":false,"excerpt":"\u00a0TOUS LES COUREURS DE MOINS DE 18 ANS (SKI ET SNOW) DOIVENT OBLIGATOIREMENT PORTER UNE DORSALE SOUS PEINE DE SE VOIR REFUSER LE DEPART \u00a0 \u00a0","rel":"","context":"Article similaire","block_context":{"text":"Article similaire","link":""},"img":{"alt_text":"","src":"","width":0,"height":0},"classes":[]},{"id":2,"url":"https:\/\/sscvl.fr\/?page_id=2","url_meta":{"origin":151,"position":5},"title":"Page d&rsquo;exemple","author":"grand yeti","date":"3 juillet 2017","format":false,"excerpt":"Voici un exemple de page. Elle est diff\u00e9rente d\u2019un article de blog, en cela qu\u2019elle restera \u00e0 la m\u00eame place, et s\u2019affichera dans le menu de navigation de votre site (en fonction de votre th\u00e8me). La plupart des gens commencent par \u00e9crire une page \u00ab\u00a0\u00c0 Propos\u00a0\u00bb qui les pr\u00e9sente aux\u2026","rel":"","context":"Article similaire","block_context":{"text":"Article similaire","link":""},"img":{"alt_text":"","src":"","width":0,"height":0},"classes":[]}],"_links":{"self":[{"href":"https:\/\/sscvl.fr\/index.php?rest_route=\/wp\/v2\/pages\/151"}],"collection":[{"href":"https:\/\/sscvl.fr\/index.php?rest_route=\/wp\/v2\/pages"}],"about":[{"href":"https:\/\/sscvl.fr\/index.php?rest_route=\/wp\/v2\/types\/page"}],"author":[{"embeddable":true,"href":"https:\/\/sscvl.fr\/index.php?rest_route=\/wp\/v2\/users\/1"}],"replies":[{"embeddable":true,"href":"https:\/\/sscvl.fr\/index.php?rest_route=%2Fwp%2Fv2%2Fcomments&post=151"}],"version-history":[{"count":5,"href":"https:\/\/sscvl.fr\/index.php?rest_route=\/wp\/v2\/pages\/151\/revisions"}],"predecessor-version":[{"id":46974,"href":"https:\/\/sscvl.fr\/index.php?rest_route=\/wp\/v2\/pages\/151\/revisions\/46974"}],"wp:attachment":[{"href":"https:\/\/sscvl.fr\/index.php?rest_route=%2Fwp%2Fv2%2Fmedia&parent=151"}],"curies":[{"name":"wp","href":"https:\/\/api.w.org\/{rel}","templated":true}]}}