{"id":45,"date":"2017-07-30T18:15:26","date_gmt":"2017-07-30T16:15:26","guid":{"rendered":"http:\/\/sscvl.fr\/?page_id=45"},"modified":"2022-11-20T14:52:44","modified_gmt":"2022-11-20T13:52:44","slug":"inscription-au-club","status":"publish","type":"page","link":"https:\/\/sscvl.fr\/?page_id=45","title":{"rendered":"Inscription au club"},"content":{"rendered":"Vous devez \u00eatre connect\u00e9 pour voir ce contenu.","protected":false},"excerpt":{"rendered":"Vous devez \u00eatre connect\u00e9 pour voir ce contenu.","protected":false},"author":1,"featured_media":0,"parent":0,"menu_order":0,"comment_status":"closed","ping_status":"closed","template":"","meta":{"_exactmetrics_skip_tracking":false,"_exactmetrics_sitenote_active":false,"_exactmetrics_sitenote_note":"","_exactmetrics_sitenote_category":0,"jetpack_post_was_ever_published":false,"footnotes":""},"aioseo_notices":[],"jetpack_sharing_enabled":true,"jetpack_shortlink":"https:\/\/wp.me\/P9mZxG-J","jetpack_likes_enabled":true,"jetpack-related-posts":[{"id":47480,"url":"https:\/\/sscvl.fr\/?page_id=47480","url_meta":{"origin":45,"position":0},"title":"Sortie Parent Enfant Ch\u00e8que\/Esp\u00e8ce\/Avoir","author":"Maxence Maillot","date":"29 mars 2026","format":false,"excerpt":"Sortie Parent Enfant le samedi 4 avril 2026 \u00e0 Isola 2000 pour les licenci\u00e9s du club, c\u2019est une sortie \u00ab\u00a0normale\u00a0\u00bb (Pas besoin de venir accompagn\u00e9s par ses parents !). pour les non licenci\u00e9s, 3 formules possibles RAPPEL\u00a0 : Pensez \u00e0 commander vos viennoiseries pour le matin. Attention :\u00a0 Nous sommes\u2026","rel":"","context":"Article similaire","block_context":{"text":"Article similaire","link":""},"img":{"alt_text":"","src":"","width":0,"height":0},"classes":[]},{"id":130,"url":"https:\/\/sscvl.fr\/?page_id=130","url_meta":{"origin":45,"position":1},"title":"Inscription Sorties CB","author":"grand yeti","date":"5 novembre 2017","format":false,"excerpt":"Sortie le samedi 28 mars 2026 \u00e0 Isola 2000 Pour le paiement de la m\u00e9daille, merci d'ajouter une viennoiserie dans la commande. RAPPEL\u00a0 : Pensez \u00e0 commander vos viennoiseries pour le matin. Et pr\u00e9voyez go\u00fbter et boisson pour l'apr\u00e8s-midi. Attention :\u00a0 Nous sommes nombreux : soyez ponctuels aux points de\u2026","rel":"","context":"Article similaire","block_context":{"text":"Article similaire","link":""},"img":{"alt_text":"","src":"","width":0,"height":0},"classes":[]},{"id":105,"url":"https:\/\/sscvl.fr\/?page_id=105","url_meta":{"origin":45,"position":2},"title":"Inscription Ch\u00e8que\/Esp\u00e8ce","author":"grand yeti","date":"25 septembre 2017","format":false,"excerpt":"","rel":"","context":"Article similaire","block_context":{"text":"Article similaire","link":""},"img":{"alt_text":"","src":"","width":0,"height":0},"classes":[]},{"id":47211,"url":"https:\/\/sscvl.fr\/?page_id=47211","url_meta":{"origin":45,"position":3},"title":"Inscription 30 ans du SCVL : CB","author":"Maxence Maillot","date":"3 septembre 2024","format":false,"excerpt":"Le SCVL a \u00e9t\u00e9 fond\u00e9 en 1994. Nous f\u00eatons cette ann\u00e9e son 30\u00e8me anniversaire. A cette occasion, nous vous attendons nombreux pour une soir\u00e9e festive \u00e0 la salle Marcel Jacques de Villeneuve-Loubet (la m\u00eame que la bourse aux skis) le samedi 12 Octobre \u00e0 partir de 17h. Au menu :\u2026","rel":"","context":"Article similaire","block_context":{"text":"Article similaire","link":""},"img":{"alt_text":"","src":"","width":0,"height":0},"classes":[]},{"id":642,"url":"https:\/\/sscvl.fr\/?page_id=642","url_meta":{"origin":45,"position":4},"title":"Informations","author":"grand yeti","date":"16 octobre 2020","format":false,"excerpt":"Fonctionnement du club Le Ski et Snowboard Club de Villeneuve-Loubet est ouvert \u00e0 partir de 7 ans pour tous niveaux de ski et snowboard. L'encadrement est assur\u00e9 par des moniteurs f\u00e9d\u00e9raux. Des sorties sont organis\u00e9es tous les samedis hors vacances scolaires de D\u00e9cembre \u00e0 Mars-Avril en fonction des conditions d'enneigement.\u2026","rel":"","context":"Article similaire","block_context":{"text":"Article similaire","link":""},"img":{"alt_text":"","src":"","width":0,"height":0},"classes":[]},{"id":47475,"url":"https:\/\/sscvl.fr\/?page_id=47475","url_meta":{"origin":45,"position":5},"title":"Sortie Parent Enfant CB","author":"Maxence Maillot","date":"29 mars 2026","format":false,"excerpt":"Sortie Parent Enfant le samedi 4 avril 2026 \u00e0 Isola 2000 pour les licenci\u00e9s du club, c\u2019est une sortie \u00ab\u00a0normale\u00a0\u00bb (Pas besoin de venir accompagn\u00e9s par ses parents !). pour les non licenci\u00e9s, 3 formules possibles RAPPEL\u00a0 : Pensez \u00e0 commander vos viennoiseries pour le matin. Attention :\u00a0 Nous sommes\u2026","rel":"","context":"Article similaire","block_context":{"text":"Article similaire","link":""},"img":{"alt_text":"","src":"","width":0,"height":0},"classes":[]}],"_links":{"self":[{"href":"https:\/\/sscvl.fr\/index.php?rest_route=\/wp\/v2\/pages\/45"}],"collection":[{"href":"https:\/\/sscvl.fr\/index.php?rest_route=\/wp\/v2\/pages"}],"about":[{"href":"https:\/\/sscvl.fr\/index.php?rest_route=\/wp\/v2\/types\/page"}],"author":[{"embeddable":true,"href":"https:\/\/sscvl.fr\/index.php?rest_route=\/wp\/v2\/users\/1"}],"replies":[{"embeddable":true,"href":"https:\/\/sscvl.fr\/index.php?rest_route=%2Fwp%2Fv2%2Fcomments&post=45"}],"version-history":[{"count":31,"href":"https:\/\/sscvl.fr\/index.php?rest_route=\/wp\/v2\/pages\/45\/revisions"}],"predecessor-version":[{"id":47087,"href":"https:\/\/sscvl.fr\/index.php?rest_route=\/wp\/v2\/pages\/45\/revisions\/47087"}],"wp:attachment":[{"href":"https:\/\/sscvl.fr\/index.php?rest_route=%2Fwp%2Fv2%2Fmedia&parent=45"}],"curies":[{"name":"wp","href":"https:\/\/api.w.org\/{rel}","templated":true}]}}