{"id":47189,"date":"2024-08-29T12:21:15","date_gmt":"2024-08-29T10:21:15","guid":{"rendered":"https:\/\/sscvl.fr\/?page_id=47189"},"modified":"2024-08-29T12:21:18","modified_gmt":"2024-08-29T10:21:18","slug":"reglement-interieur-du-scvl","status":"publish","type":"page","link":"https:\/\/sscvl.fr\/?page_id=47189","title":{"rendered":"R\u00e8glement int\u00e9rieur du SCVL"},"content":{"rendered":"\n<p>Bonjour \u00e0 tous. Nous avons le plaisir de vous transmettre\u00a0<strong><mark>le r\u00e8glement du SCVL<\/mark><\/strong>. Pas de grandes nouveaut\u00e9s, mais quelques rappels utiles pour bien pr\u00e9parer la saison sur les pistes !<\/p>\n\n\n\n<div class=\"wp-block-file\"><object class=\"wp-block-file__embed\" data=\"https:\/\/sscvl.fr\/wp-content\/uploads\/2023\/09\/Reglement-interieur-du-SCVL.pdf\" type=\"application\/pdf\" style=\"width:100%;height:600px\" aria-label=\"Contenu embarqu\u00e9 R\u00e8glement int\u00e9rieur du SCVL.\"><\/object><a id=\"wp-block-file--media-690baec1-6628-4059-b51e-e49a50f0d6d6\" href=\"https:\/\/sscvl.fr\/wp-content\/uploads\/2023\/09\/Reglement-interieur-du-SCVL.pdf\">R\u00e8glement int\u00e9rieur du SCVL<\/a><a href=\"https:\/\/sscvl.fr\/wp-content\/uploads\/2023\/09\/Reglement-interieur-du-SCVL.pdf\" class=\"wp-block-file__button wp-element-button\" download aria-describedby=\"wp-block-file--media-690baec1-6628-4059-b51e-e49a50f0d6d6\">T\u00e9l\u00e9charger<\/a><\/div>\n","protected":false},"excerpt":{"rendered":"<p>Bonjour \u00e0 tous. Nous avons le plaisir de vous transmettre\u00a0le r\u00e8glement du SCVL. Pas de grandes nouveaut\u00e9s, mais quelques rappels utiles pour bien pr\u00e9parer la saison sur les pistes !<\/p>\n","protected":false},"author":4,"featured_media":0,"parent":0,"menu_order":0,"comment_status":"closed","ping_status":"closed","template":"","meta":{"_exactmetrics_skip_tracking":false,"_exactmetrics_sitenote_active":false,"_exactmetrics_sitenote_note":"","_exactmetrics_sitenote_category":0,"jetpack_post_was_ever_published":false,"footnotes":""},"aioseo_notices":[],"jetpack_sharing_enabled":true,"jetpack_shortlink":"https:\/\/wp.me\/P9mZxG-ch7","jetpack_likes_enabled":true,"jetpack-related-posts":[{"id":47183,"url":"https:\/\/sscvl.fr\/?page_id=47183","url_meta":{"origin":47189,"position":0},"title":"Finalisation Inscription Ev\u00e8nement","author":"Maxence Maillot","date":"28 ao\u00fbt 2024","format":false,"excerpt":"Votre demande d'inscription pour la soir\u00e9e des 30 ans du SCVL est enregistr\u00e9e ! si vous avez fait une demande d'inscription par ch\u00e8que, n'oubliez pas de venir avec le r\u00e8glement. SCVLEcole Saint GeorgesAvenue de la libert\u00e906270 Villeneuve Loubetsscvl06270@gmail.com","rel":"","context":"Article similaire","block_context":{"text":"Article similaire","link":""},"img":{"alt_text":"","src":"","width":0,"height":0},"classes":[]},{"id":222,"url":"https:\/\/sscvl.fr\/?page_id=222","url_meta":{"origin":47189,"position":1},"title":"Finalisation inscriptions Sorties","author":"grand yeti","date":"3 d\u00e9cembre 2017","format":false,"excerpt":"Votre demande d'inscription est enregistr\u00e9e ! Si vous avez fait une demande d'inscription par ch\u00e8que, merci de vous pr\u00e9senter avec le r\u00e8glement samedi matin. Les rendez-vous: Coll\u00e8ge Rom\u00e9e (Villeneuve-Loubet) : 06h50 Saint Isidore Nice ( Contre all\u00e9e Leclerc ) : 07h10 Pont de la Manda : 7h20 Retour le soir\u2026","rel":"","context":"Article similaire","block_context":{"text":"Article similaire","link":""},"img":{"alt_text":"","src":"","width":0,"height":0},"classes":[]},{"id":7,"url":"https:\/\/sscvl.fr\/","url_meta":{"origin":47189,"position":2},"title":"Accueil","author":"grand yeti","date":"30 juillet 2017","format":false,"excerpt":"Bienvenue sur le site du SKI et SNOWBOARD CLUB de VILLEUNEUVE-LOUBET ADRESSE MAIL : sscvl06270@gmail.com Les inscriptions au club sont ferm\u00e9es, le club est complet. Si vous souhaitez \u00eatre mis sur la liste d'attente pour l'ann\u00e9e prochaine, envoyez nous un e-mail en pr\u00e9cisant votre num\u00e9ro de t\u00e9l\u00e9phone. La prochaine sortie\u2026","rel":"","context":"Article similaire","block_context":{"text":"Article similaire","link":""},"img":{"alt_text":"","src":"","width":0,"height":0},"classes":[]},{"id":642,"url":"https:\/\/sscvl.fr\/?page_id=642","url_meta":{"origin":47189,"position":3},"title":"Informations","author":"grand yeti","date":"16 octobre 2020","format":false,"excerpt":"Fonctionnement du club Le Ski et Snowboard Club de Villeneuve-Loubet est ouvert \u00e0 partir de 7 ans pour tous niveaux de ski et snowboard. L'encadrement est assur\u00e9 par des moniteurs f\u00e9d\u00e9raux. Des sorties sont organis\u00e9es tous les samedis hors vacances scolaires de D\u00e9cembre \u00e0 Mars-Avril en fonction des conditions d'enneigement.\u2026","rel":"","context":"Article similaire","block_context":{"text":"Article similaire","link":""},"img":{"alt_text":"","src":"","width":0,"height":0},"classes":[]},{"id":47211,"url":"https:\/\/sscvl.fr\/?page_id=47211","url_meta":{"origin":47189,"position":4},"title":"Inscription 30 ans du SCVL : CB","author":"Maxence Maillot","date":"3 septembre 2024","format":false,"excerpt":"Le SCVL a \u00e9t\u00e9 fond\u00e9 en 1994. Nous f\u00eatons cette ann\u00e9e son 30\u00e8me anniversaire. A cette occasion, nous vous attendons nombreux pour une soir\u00e9e festive \u00e0 la salle Marcel Jacques de Villeneuve-Loubet (la m\u00eame que la bourse aux skis) le samedi 12 Octobre \u00e0 partir de 17h. Au menu :\u2026","rel":"","context":"Article similaire","block_context":{"text":"Article similaire","link":""},"img":{"alt_text":"","src":"","width":0,"height":0},"classes":[]},{"id":47208,"url":"https:\/\/sscvl.fr\/?page_id=47208","url_meta":{"origin":47189,"position":5},"title":"Inscription 30 ans du SCVL &#8211; Ch\u00e8ques \/ Esp\u00e8ces","author":"Maxence Maillot","date":"3 septembre 2024","format":false,"excerpt":"","rel":"","context":"Article similaire","block_context":{"text":"Article similaire","link":""},"img":{"alt_text":"","src":"","width":0,"height":0},"classes":[]}],"_links":{"self":[{"href":"https:\/\/sscvl.fr\/index.php?rest_route=\/wp\/v2\/pages\/47189"}],"collection":[{"href":"https:\/\/sscvl.fr\/index.php?rest_route=\/wp\/v2\/pages"}],"about":[{"href":"https:\/\/sscvl.fr\/index.php?rest_route=\/wp\/v2\/types\/page"}],"author":[{"embeddable":true,"href":"https:\/\/sscvl.fr\/index.php?rest_route=\/wp\/v2\/users\/4"}],"replies":[{"embeddable":true,"href":"https:\/\/sscvl.fr\/index.php?rest_route=%2Fwp%2Fv2%2Fcomments&post=47189"}],"version-history":[{"count":1,"href":"https:\/\/sscvl.fr\/index.php?rest_route=\/wp\/v2\/pages\/47189\/revisions"}],"predecessor-version":[{"id":47190,"href":"https:\/\/sscvl.fr\/index.php?rest_route=\/wp\/v2\/pages\/47189\/revisions\/47190"}],"wp:attachment":[{"href":"https:\/\/sscvl.fr\/index.php?rest_route=%2Fwp%2Fv2%2Fmedia&parent=47189"}],"curies":[{"name":"wp","href":"https:\/\/api.w.org\/{rel}","templated":true}]}}