{"id":47194,"date":"2024-08-29T14:13:53","date_gmt":"2024-08-29T12:13:53","guid":{"rendered":"https:\/\/sscvl.fr\/?page_id=47194"},"modified":"2026-01-04T21:15:07","modified_gmt":"2026-01-04T20:15:07","slug":"certificat-medical","status":"publish","type":"page","link":"https:\/\/sscvl.fr\/?page_id=47194","title":{"rendered":"Certificat M\u00e9dical"},"content":{"rendered":"\n<p>Enfin la grande simplification pour les certificats m\u00e9dicaux !\u00a0<mark style=\"background-color:rgba(0, 0, 0, 0)\" class=\"has-inline-color has-vivid-red-color\"><strong>Il n\u2019est plus obligatoire et peut dans la plupart des cas \u00eatre remplac\u00e9 par une simple attestation sur l\u2019honneur<\/strong><\/mark>. Au moment de l&rsquo;inscription au club, il vous suffit de cocher la cache correspondante dans la derni\u00e8re partie du formulaire.<\/p>\n\n\n\n<p class=\"has-text-align-center\"><mark style=\"background-color:#7bdcb5\" class=\"has-inline-color\">Pour les licenci\u00e9s mineurs FFS \/ FSGT<\/mark><\/p>\n\n\n\n<ul>\n<li>Si vous \u00eates licenci\u00e9s \u00e0 la FSGT, vous trouverez le questionnaire&nbsp;<a href=\"https:\/\/sscvl.fr\/wp-content\/uploads\/2023\/09\/03-Questionnaire-Sante-Mineurs.pdf\" target=\"_blank\" rel=\"noreferrer noopener\">ici<\/a><\/li>\n\n\n\n<li>Si vous \u00eates licenci\u00e9s \u00e0 la FFS, vous trouverez le questionnaire&nbsp;<a href=\"https:\/\/sscvl.fr\/wp-content\/uploads\/2023\/09\/23-Poster-Questionnaire-Sante-Mineur-2023-2024-A3.pdf\" target=\"_blank\" rel=\"noreferrer noopener\">ici<\/a><\/li>\n\n\n\n<li>Note&nbsp;: le questionnaire est identique, seul le support de communication change.<\/li>\n<\/ul>\n\n\n\n<p class=\"has-text-align-center\"><mark style=\"background-color:#7bdcb5\" class=\"has-inline-color has-black-color\">Pour les licenci\u00e9s majeurs FFS \/ FSGT<\/mark><\/p>\n\n\n\n<ul>\n<li>Quelle que soit votre f\u00e9d\u00e9ration, le questionnaire est disponible&nbsp;<a href=\"https:\/\/www.formulaires.service-public.fr\/gf\/cerfa_15699_01.do;jsessionid=DB14EB173CB0775E9F0C9BEE9C08C9EE.server02\" target=\"_blank\" rel=\"noopener\" title=\"\">ici<\/a>.<\/li>\n<\/ul>\n","protected":false},"excerpt":{"rendered":"<p>Enfin la grande simplification pour les certificats m\u00e9dicaux !\u00a0Il n\u2019est plus obligatoire et peut dans la plupart des cas \u00eatre remplac\u00e9 par une simple attestation sur l\u2019honneur. Au moment de l&rsquo;inscription au club, il vous suffit de cocher la cache correspondante dans la derni\u00e8re partie du formulaire. Pour les licenci\u00e9s mineurs FFS \/ FSGT Pour &hellip; <\/p>\n<p class=\"link-more\"><a href=\"https:\/\/sscvl.fr\/?page_id=47194\" class=\"more-link\">Continuer la lecture<span class=\"screen-reader-text\"> de &laquo;&nbsp;Certificat M\u00e9dical&nbsp;&raquo;<\/span><\/a><\/p>\n","protected":false},"author":4,"featured_media":0,"parent":0,"menu_order":0,"comment_status":"closed","ping_status":"closed","template":"","meta":{"_exactmetrics_skip_tracking":false,"_exactmetrics_sitenote_active":false,"_exactmetrics_sitenote_note":"","_exactmetrics_sitenote_category":0,"jetpack_post_was_ever_published":false,"footnotes":""},"aioseo_notices":[],"jetpack_sharing_enabled":true,"jetpack_shortlink":"https:\/\/wp.me\/P9mZxG-chc","jetpack_likes_enabled":true,"jetpack-related-posts":[{"id":642,"url":"https:\/\/sscvl.fr\/?page_id=642","url_meta":{"origin":47194,"position":0},"title":"Informations","author":"grand yeti","date":"16 octobre 2020","format":false,"excerpt":"Fonctionnement du club Le Ski et Snowboard Club de Villeneuve-Loubet est ouvert \u00e0 partir de 7 ans pour tous niveaux de ski et snowboard. L'encadrement est assur\u00e9 par des moniteurs f\u00e9d\u00e9raux. Des sorties sont organis\u00e9es tous les samedis hors vacances scolaires de D\u00e9cembre \u00e0 Mars-Avril en fonction des conditions d'enneigement.\u2026","rel":"","context":"Article similaire","block_context":{"text":"Article similaire","link":""},"img":{"alt_text":"","src":"","width":0,"height":0},"classes":[]},{"id":47475,"url":"https:\/\/sscvl.fr\/?page_id=47475","url_meta":{"origin":47194,"position":1},"title":"Sortie Parent Enfant CB","author":"Maxence Maillot","date":"29 mars 2026","format":false,"excerpt":"Sortie Parent Enfant le samedi 4 avril 2026 \u00e0 Isola 2000 pour les licenci\u00e9s du club, c\u2019est une sortie \u00ab\u00a0normale\u00a0\u00bb (Pas besoin de venir accompagn\u00e9s par ses parents !). pour les non licenci\u00e9s, 3 formules possibles RAPPEL\u00a0 : Pensez \u00e0 commander vos viennoiseries pour le matin. Attention :\u00a0 Nous sommes\u2026","rel":"","context":"Article similaire","block_context":{"text":"Article similaire","link":""},"img":{"alt_text":"","src":"","width":0,"height":0},"classes":[]},{"id":136,"url":"https:\/\/sscvl.fr\/?page_id=136","url_meta":{"origin":47194,"position":2},"title":"Calendrier courses 2025\/2026","author":"grand yeti","date":"5 novembre 2017","format":false,"excerpt":"Rappel : Le port du casque est obligatoire pour tous les coureurs.\u00a0 Tous les coureurs de moins de 18 ans doivent obligatoirement porter une dorsale. Les courses sont ouvertes au groupe comp\u00e9tition et aux 3\u00e8me \u00e9toile (apr\u00e8s validation par les moniteurs du ski-club). L'inscription aux courses est gratuite. Voici les\u2026","rel":"","context":"Article similaire","block_context":{"text":"Article similaire","link":""},"img":{"alt_text":"","src":"","width":0,"height":0},"classes":[]},{"id":47480,"url":"https:\/\/sscvl.fr\/?page_id=47480","url_meta":{"origin":47194,"position":3},"title":"Sortie Parent Enfant Ch\u00e8que\/Esp\u00e8ce\/Avoir","author":"Maxence Maillot","date":"29 mars 2026","format":false,"excerpt":"Sortie Parent Enfant le samedi 4 avril 2026 \u00e0 Isola 2000 pour les licenci\u00e9s du club, c\u2019est une sortie \u00ab\u00a0normale\u00a0\u00bb (Pas besoin de venir accompagn\u00e9s par ses parents !). pour les non licenci\u00e9s, 3 formules possibles RAPPEL\u00a0 : Pensez \u00e0 commander vos viennoiseries pour le matin. Attention :\u00a0 Nous sommes\u2026","rel":"","context":"Article similaire","block_context":{"text":"Article similaire","link":""},"img":{"alt_text":"","src":"","width":0,"height":0},"classes":[]},{"id":151,"url":"https:\/\/sscvl.fr\/?page_id=151","url_meta":{"origin":47194,"position":4},"title":"R\u00e9sultats","author":"grand yeti","date":"5 novembre 2017","format":false,"excerpt":"Le ski-club de Villeneuve-Loubet s'est rendu du 17 au 19 Mars \u00e0 Val-Cenis \u00e0 l'occasion des championnats de France FSGT de ski. Nous avons le plaisir de vous annoncer les tr\u00e8s belles performances de : Isabelle CHRETIEN,\u00a0 cat\u00e9gorie \"Spatule d'or Femme\",\u00a0championne de France en g\u00e9ant, slalom sp\u00e9cial, super g\u00e9ant et\u2026","rel":"","context":"Article similaire","block_context":{"text":"Article similaire","link":""},"img":{"alt_text":"","src":"https:\/\/i0.wp.com\/sscvl.fr\/wp-content\/uploads\/2023\/03\/Reconnaissance-300x225.jpg?resize=350%2C200&ssl=1","width":350,"height":200},"classes":[]},{"id":2,"url":"https:\/\/sscvl.fr\/?page_id=2","url_meta":{"origin":47194,"position":5},"title":"Page d&rsquo;exemple","author":"grand yeti","date":"3 juillet 2017","format":false,"excerpt":"Voici un exemple de page. Elle est diff\u00e9rente d\u2019un article de blog, en cela qu\u2019elle restera \u00e0 la m\u00eame place, et s\u2019affichera dans le menu de navigation de votre site (en fonction de votre th\u00e8me). La plupart des gens commencent par \u00e9crire une page \u00ab\u00a0\u00c0 Propos\u00a0\u00bb qui les pr\u00e9sente aux\u2026","rel":"","context":"Article similaire","block_context":{"text":"Article similaire","link":""},"img":{"alt_text":"","src":"","width":0,"height":0},"classes":[]}],"_links":{"self":[{"href":"https:\/\/sscvl.fr\/index.php?rest_route=\/wp\/v2\/pages\/47194"}],"collection":[{"href":"https:\/\/sscvl.fr\/index.php?rest_route=\/wp\/v2\/pages"}],"about":[{"href":"https:\/\/sscvl.fr\/index.php?rest_route=\/wp\/v2\/types\/page"}],"author":[{"embeddable":true,"href":"https:\/\/sscvl.fr\/index.php?rest_route=\/wp\/v2\/users\/4"}],"replies":[{"embeddable":true,"href":"https:\/\/sscvl.fr\/index.php?rest_route=%2Fwp%2Fv2%2Fcomments&post=47194"}],"version-history":[{"count":4,"href":"https:\/\/sscvl.fr\/index.php?rest_route=\/wp\/v2\/pages\/47194\/revisions"}],"predecessor-version":[{"id":47411,"href":"https:\/\/sscvl.fr\/index.php?rest_route=\/wp\/v2\/pages\/47194\/revisions\/47411"}],"wp:attachment":[{"href":"https:\/\/sscvl.fr\/index.php?rest_route=%2Fwp%2Fv2%2Fmedia&parent=47194"}],"curies":[{"name":"wp","href":"https:\/\/api.w.org\/{rel}","templated":true}]}}