{"id":509,"date":"2019-08-28T19:51:09","date_gmt":"2019-08-28T17:51:09","guid":{"rendered":"https:\/\/sscvl.fr\/?page_id=509"},"modified":"2025-01-05T11:46:45","modified_gmt":"2025-01-05T10:46:45","slug":"tarifs","status":"publish","type":"page","link":"https:\/\/sscvl.fr\/?page_id=509","title":{"rendered":"Tarifs"},"content":{"rendered":"\n<p>Information sur le fonctionnement du club <a href=\"https:\/\/sscvl.fr\/?page_id=642\"><span class=\"has-inline-color has-vivid-cyan-blue-color\"><span style=\"text-decoration: underline;\">ici<\/span><\/span><\/a>.<\/p>\n\n\n\n<p><mark style=\"background-color:rgba(0, 0, 0, 0)\" class=\"has-inline-color has-vivid-green-cyan-color\"><span style=\"text-decoration: underline;\">Tarifs des cotisations annuelles<\/span><\/mark> (comprenant licence, assurance, et adh\u00e9sion au club)<\/p>\n\n\n\n<ul>\n<li>Enfants de moins de 11 ans (n\u00e9s en 2013 ou apr\u00e8s) : 75 euros<\/li>\n\n\n\n<li>Adolescents et Etudiants : 80 euros<\/li>\n\n\n\n<li>Adultes : 85 euros<\/li>\n<\/ul>\n\n\n\n<p><span style=\"text-decoration: underline;\"><span class=\"has-inline-color has-vivid-green-cyan-color\">Tarifs des sorties<\/span><\/span><span class=\"has-inline-color has-vivid-green-cyan-color\"> <\/span>(comprenant le transport, le forfait journalier et le repas chaud le midi au restaurant)<\/p>\n\n\n\n<ul>\n<li>Enfants moins de 11 ans (n\u00e9s en 2015 et apr\u00e8s) : 42 euros la sortie<\/li>\n\n\n\n<li>Adolescents et \u00e9tudiants : 44 euros la sortie <\/li>\n\n\n\n<li>Adultes : 48 euros la sortie<\/li>\n<\/ul>\n\n\n\n<p><\/p>\n","protected":false},"excerpt":{"rendered":"<p>Information sur le fonctionnement du club ici. Tarifs des cotisations annuelles (comprenant licence, assurance, et adh\u00e9sion au club) Tarifs des sorties (comprenant le transport, le forfait journalier et le repas chaud le midi au restaurant)<\/p>\n","protected":false},"author":1,"featured_media":0,"parent":0,"menu_order":0,"comment_status":"closed","ping_status":"closed","template":"","meta":{"_exactmetrics_skip_tracking":false,"_exactmetrics_sitenote_active":false,"_exactmetrics_sitenote_note":"","_exactmetrics_sitenote_category":0,"jetpack_post_was_ever_published":false,"footnotes":""},"aioseo_notices":[],"jetpack_sharing_enabled":true,"jetpack_shortlink":"https:\/\/wp.me\/P9mZxG-8d","jetpack_likes_enabled":false,"jetpack-related-posts":[{"id":153,"url":"https:\/\/sscvl.fr\/?page_id=153","url_meta":{"origin":509,"position":0},"title":"Actus &#038; Tarifs","author":"grand yeti","date":"28 ao\u00fbt 2019","format":false,"excerpt":"","rel":"","context":"Article similaire","block_context":{"text":"Article similaire","link":""},"img":{"alt_text":"","src":"","width":0,"height":0},"classes":[]},{"id":642,"url":"https:\/\/sscvl.fr\/?page_id=642","url_meta":{"origin":509,"position":1},"title":"Informations","author":"grand yeti","date":"16 octobre 2020","format":false,"excerpt":"Fonctionnement du club Le Ski et Snowboard Club de Villeneuve-Loubet est ouvert \u00e0 partir de 7 ans pour tous niveaux de ski et snowboard. L'encadrement est assur\u00e9 par des moniteurs f\u00e9d\u00e9raux. Des sorties sont organis\u00e9es tous les samedis hors vacances scolaires de D\u00e9cembre \u00e0 Mars-Avril en fonction des conditions d'enneigement.\u2026","rel":"","context":"Article similaire","block_context":{"text":"Article similaire","link":""},"img":{"alt_text":"","src":"","width":0,"height":0},"classes":[]},{"id":8,"url":"https:\/\/sscvl.fr\/?page_id=8","url_meta":{"origin":509,"position":2},"title":"\u00c0 propos du Club","author":"grand yeti","date":"30 juillet 2017","format":false,"excerpt":"HISTORIQUE DU SKI CLUB DE VILLENEUVE-LOUBETLe \u00ab SKI SCOLAIRE \u00bb a fonctionn\u00e9 \u00e0 VILLENEUVE-LOUBET pendant plus de trente ans, cr\u00e9\u00e9 dans les ann\u00e9es 60 par les directeurs des deux \u00e9coles primaires de la commune, Henri RIVOIRE et Michel BERTEAUX . Cette pratique ouverte aux \u00e9l\u00e8ves de CM1 et CM2 et\u2026","rel":"","context":"Article similaire","block_context":{"text":"Article similaire","link":""},"img":{"alt_text":"","src":"https:\/\/i0.wp.com\/sscvl.fr\/wp-content\/uploads\/2017\/07\/aproposduclub.png?fit=1200%2C800&ssl=1&resize=350%2C200","width":350,"height":200,"srcset":"https:\/\/i0.wp.com\/sscvl.fr\/wp-content\/uploads\/2017\/07\/aproposduclub.png?fit=1200%2C800&ssl=1&resize=350%2C200 1x, https:\/\/i0.wp.com\/sscvl.fr\/wp-content\/uploads\/2017\/07\/aproposduclub.png?fit=1200%2C800&ssl=1&resize=525%2C300 1.5x, https:\/\/i0.wp.com\/sscvl.fr\/wp-content\/uploads\/2017\/07\/aproposduclub.png?fit=1200%2C800&ssl=1&resize=700%2C400 2x, https:\/\/i0.wp.com\/sscvl.fr\/wp-content\/uploads\/2017\/07\/aproposduclub.png?fit=1200%2C800&ssl=1&resize=1050%2C600 3x"},"classes":[]},{"id":47211,"url":"https:\/\/sscvl.fr\/?page_id=47211","url_meta":{"origin":509,"position":3},"title":"Inscription 30 ans du SCVL : CB","author":"Maxence Maillot","date":"3 septembre 2024","format":false,"excerpt":"Le SCVL a \u00e9t\u00e9 fond\u00e9 en 1994. Nous f\u00eatons cette ann\u00e9e son 30\u00e8me anniversaire. A cette occasion, nous vous attendons nombreux pour une soir\u00e9e festive \u00e0 la salle Marcel Jacques de Villeneuve-Loubet (la m\u00eame que la bourse aux skis) le samedi 12 Octobre \u00e0 partir de 17h. Au menu :\u2026","rel":"","context":"Article similaire","block_context":{"text":"Article similaire","link":""},"img":{"alt_text":"","src":"","width":0,"height":0},"classes":[]},{"id":7,"url":"https:\/\/sscvl.fr\/","url_meta":{"origin":509,"position":4},"title":"Accueil","author":"grand yeti","date":"30 juillet 2017","format":false,"excerpt":"Bienvenue sur le site du SKI et SNOWBOARD CLUB de VILLEUNEUVE-LOUBET ADRESSE MAIL : sscvl06270@gmail.com Les inscriptions au club sont ferm\u00e9es, le club est complet. Si vous souhaitez \u00eatre mis sur la liste d'attente pour l'ann\u00e9e prochaine, envoyez nous un e-mail en pr\u00e9cisant votre num\u00e9ro de t\u00e9l\u00e9phone. La prochaine sortie\u2026","rel":"","context":"Article similaire","block_context":{"text":"Article similaire","link":""},"img":{"alt_text":"","src":"","width":0,"height":0},"classes":[]},{"id":136,"url":"https:\/\/sscvl.fr\/?page_id=136","url_meta":{"origin":509,"position":5},"title":"Calendrier courses 2025\/2026","author":"grand yeti","date":"5 novembre 2017","format":false,"excerpt":"Rappel : Le port du casque est obligatoire pour tous les coureurs.\u00a0 Tous les coureurs de moins de 18 ans doivent obligatoirement porter une dorsale. Les courses sont ouvertes au groupe comp\u00e9tition et aux 3\u00e8me \u00e9toile (apr\u00e8s validation par les moniteurs du ski-club). L'inscription aux courses est gratuite. Voici les\u2026","rel":"","context":"Article similaire","block_context":{"text":"Article similaire","link":""},"img":{"alt_text":"","src":"","width":0,"height":0},"classes":[]}],"_links":{"self":[{"href":"https:\/\/sscvl.fr\/index.php?rest_route=\/wp\/v2\/pages\/509"}],"collection":[{"href":"https:\/\/sscvl.fr\/index.php?rest_route=\/wp\/v2\/pages"}],"about":[{"href":"https:\/\/sscvl.fr\/index.php?rest_route=\/wp\/v2\/types\/page"}],"author":[{"embeddable":true,"href":"https:\/\/sscvl.fr\/index.php?rest_route=\/wp\/v2\/users\/1"}],"replies":[{"embeddable":true,"href":"https:\/\/sscvl.fr\/index.php?rest_route=%2Fwp%2Fv2%2Fcomments&post=509"}],"version-history":[{"count":10,"href":"https:\/\/sscvl.fr\/index.php?rest_route=\/wp\/v2\/pages\/509\/revisions"}],"predecessor-version":[{"id":47282,"href":"https:\/\/sscvl.fr\/index.php?rest_route=\/wp\/v2\/pages\/509\/revisions\/47282"}],"wp:attachment":[{"href":"https:\/\/sscvl.fr\/index.php?rest_route=%2Fwp%2Fv2%2Fmedia&parent=509"}],"curies":[{"name":"wp","href":"https:\/\/api.w.org\/{rel}","templated":true}]}}