{"id":513,"date":"2019-08-28T20:00:56","date_gmt":"2019-08-28T18:00:56","guid":{"rendered":"https:\/\/sscvl.fr\/?page_id=513"},"modified":"2024-01-08T19:15:42","modified_gmt":"2024-01-08T18:15:42","slug":"inscriptions","status":"publish","type":"page","link":"https:\/\/sscvl.fr\/?page_id=513","title":{"rendered":"Inscriptions"},"content":{"rendered":"Vous devez \u00eatre connect\u00e9 pour voir ce contenu.","protected":false},"excerpt":{"rendered":"Vous devez \u00eatre connect\u00e9 pour voir ce contenu.","protected":false},"author":1,"featured_media":0,"parent":0,"menu_order":0,"comment_status":"closed","ping_status":"closed","template":"","meta":{"_exactmetrics_skip_tracking":false,"_exactmetrics_sitenote_active":false,"_exactmetrics_sitenote_note":"","_exactmetrics_sitenote_category":0,"jetpack_post_was_ever_published":false,"footnotes":""},"aioseo_notices":[],"jetpack_sharing_enabled":false,"jetpack_shortlink":"https:\/\/wp.me\/P9mZxG-8h","jetpack_likes_enabled":false,"jetpack-related-posts":[{"id":642,"url":"https:\/\/sscvl.fr\/?page_id=642","url_meta":{"origin":513,"position":0},"title":"Informations","author":"grand yeti","date":"16 octobre 2020","format":false,"excerpt":"Fonctionnement du club Le Ski et Snowboard Club de Villeneuve-Loubet est ouvert \u00e0 partir de 7 ans pour tous niveaux de ski et snowboard. L'encadrement est assur\u00e9 par des moniteurs f\u00e9d\u00e9raux. Des sorties sont organis\u00e9es tous les samedis hors vacances scolaires de D\u00e9cembre \u00e0 Mars-Avril en fonction des conditions d'enneigement.\u2026","rel":"","context":"Article similaire","block_context":{"text":"Article similaire","link":""},"img":{"alt_text":"","src":"","width":0,"height":0},"classes":[]},{"id":7,"url":"https:\/\/sscvl.fr\/","url_meta":{"origin":513,"position":1},"title":"Accueil","author":"grand yeti","date":"30 juillet 2017","format":false,"excerpt":"Bienvenue sur le site du SKI et SNOWBOARD CLUB de VILLEUNEUVE-LOUBET ADRESSE MAIL : sscvl06270@gmail.com Les inscriptions au club sont ferm\u00e9es, le club est complet. Si vous souhaitez \u00eatre mis sur la liste d'attente pour l'ann\u00e9e prochaine, envoyez nous un e-mail en pr\u00e9cisant votre num\u00e9ro de t\u00e9l\u00e9phone. La prochaine sortie\u2026","rel":"","context":"Article similaire","block_context":{"text":"Article similaire","link":""},"img":{"alt_text":"","src":"","width":0,"height":0},"classes":[]},{"id":136,"url":"https:\/\/sscvl.fr\/?page_id=136","url_meta":{"origin":513,"position":2},"title":"Calendrier courses 2025\/2026","author":"grand yeti","date":"5 novembre 2017","format":false,"excerpt":"Rappel : Le port du casque est obligatoire pour tous les coureurs.\u00a0 Tous les coureurs de moins de 18 ans doivent obligatoirement porter une dorsale. Les courses sont ouvertes au groupe comp\u00e9tition et aux 3\u00e8me \u00e9toile (apr\u00e8s validation par les moniteurs du ski-club). L'inscription aux courses est gratuite. Voici les\u2026","rel":"","context":"Article similaire","block_context":{"text":"Article similaire","link":""},"img":{"alt_text":"","src":"","width":0,"height":0},"classes":[]},{"id":222,"url":"https:\/\/sscvl.fr\/?page_id=222","url_meta":{"origin":513,"position":3},"title":"Finalisation inscriptions Sorties","author":"grand yeti","date":"3 d\u00e9cembre 2017","format":false,"excerpt":"Votre demande d'inscription est enregistr\u00e9e ! Si vous avez fait une demande d'inscription par ch\u00e8que, merci de vous pr\u00e9senter avec le r\u00e8glement samedi matin. Les rendez-vous: Coll\u00e8ge Rom\u00e9e (Villeneuve-Loubet) : 06h50 Saint Isidore Nice ( Contre all\u00e9e Leclerc ) : 07h10 Pont de la Manda : 7h20 Retour le soir\u2026","rel":"","context":"Article similaire","block_context":{"text":"Article similaire","link":""},"img":{"alt_text":"","src":"","width":0,"height":0},"classes":[]},{"id":8,"url":"https:\/\/sscvl.fr\/?page_id=8","url_meta":{"origin":513,"position":4},"title":"\u00c0 propos du Club","author":"grand yeti","date":"30 juillet 2017","format":false,"excerpt":"HISTORIQUE DU SKI CLUB DE VILLENEUVE-LOUBETLe \u00ab SKI SCOLAIRE \u00bb a fonctionn\u00e9 \u00e0 VILLENEUVE-LOUBET pendant plus de trente ans, cr\u00e9\u00e9 dans les ann\u00e9es 60 par les directeurs des deux \u00e9coles primaires de la commune, Henri RIVOIRE et Michel BERTEAUX . Cette pratique ouverte aux \u00e9l\u00e8ves de CM1 et CM2 et\u2026","rel":"","context":"Article similaire","block_context":{"text":"Article similaire","link":""},"img":{"alt_text":"","src":"https:\/\/i0.wp.com\/sscvl.fr\/wp-content\/uploads\/2017\/07\/aproposduclub.png?fit=1200%2C800&ssl=1&resize=350%2C200","width":350,"height":200,"srcset":"https:\/\/i0.wp.com\/sscvl.fr\/wp-content\/uploads\/2017\/07\/aproposduclub.png?fit=1200%2C800&ssl=1&resize=350%2C200 1x, https:\/\/i0.wp.com\/sscvl.fr\/wp-content\/uploads\/2017\/07\/aproposduclub.png?fit=1200%2C800&ssl=1&resize=525%2C300 1.5x, https:\/\/i0.wp.com\/sscvl.fr\/wp-content\/uploads\/2017\/07\/aproposduclub.png?fit=1200%2C800&ssl=1&resize=700%2C400 2x, https:\/\/i0.wp.com\/sscvl.fr\/wp-content\/uploads\/2017\/07\/aproposduclub.png?fit=1200%2C800&ssl=1&resize=1050%2C600 3x"},"classes":[]},{"id":47189,"url":"https:\/\/sscvl.fr\/?page_id=47189","url_meta":{"origin":513,"position":5},"title":"R\u00e8glement int\u00e9rieur du SCVL","author":"Maxence Maillot","date":"29 ao\u00fbt 2024","format":false,"excerpt":"Bonjour \u00e0 tous. Nous avons le plaisir de vous transmettre\u00a0le r\u00e8glement du SCVL. Pas de grandes nouveaut\u00e9s, mais quelques rappels utiles pour bien pr\u00e9parer la saison sur les pistes ! R\u00e8glement int\u00e9rieur du SCVLT\u00e9l\u00e9charger","rel":"","context":"Article similaire","block_context":{"text":"Article similaire","link":""},"img":{"alt_text":"","src":"","width":0,"height":0},"classes":[]}],"_links":{"self":[{"href":"https:\/\/sscvl.fr\/index.php?rest_route=\/wp\/v2\/pages\/513"}],"collection":[{"href":"https:\/\/sscvl.fr\/index.php?rest_route=\/wp\/v2\/pages"}],"about":[{"href":"https:\/\/sscvl.fr\/index.php?rest_route=\/wp\/v2\/types\/page"}],"author":[{"embeddable":true,"href":"https:\/\/sscvl.fr\/index.php?rest_route=\/wp\/v2\/users\/1"}],"replies":[{"embeddable":true,"href":"https:\/\/sscvl.fr\/index.php?rest_route=%2Fwp%2Fv2%2Fcomments&post=513"}],"version-history":[{"count":7,"href":"https:\/\/sscvl.fr\/index.php?rest_route=\/wp\/v2\/pages\/513\/revisions"}],"predecessor-version":[{"id":47085,"href":"https:\/\/sscvl.fr\/index.php?rest_route=\/wp\/v2\/pages\/513\/revisions\/47085"}],"wp:attachment":[{"href":"https:\/\/sscvl.fr\/index.php?rest_route=%2Fwp%2Fv2%2Fmedia&parent=513"}],"curies":[{"name":"wp","href":"https:\/\/api.w.org\/{rel}","templated":true}]}}