{"id":642,"date":"2020-10-16T18:46:24","date_gmt":"2020-10-16T16:46:24","guid":{"rendered":"https:\/\/sscvl.fr\/?page_id=642"},"modified":"2024-08-29T14:45:08","modified_gmt":"2024-08-29T12:45:08","slug":"informations","status":"publish","type":"page","link":"https:\/\/sscvl.fr\/?page_id=642","title":{"rendered":"Informations"},"content":{"rendered":"\n<p><strong><span style=\"text-decoration: underline;\"><span class=\"has-inline-color has-vivid-cyan-blue-color\">Fonctionnement du club<\/span><\/span><\/strong><\/p>\n\n\n\n<p class=\"has-text-align-justify\">Le Ski et Snowboard Club de Villeneuve-Loubet est ouvert <span class=\"has-inline-color has-vivid-green-cyan-color\">\u00e0 partir de 7 ans pour tous niveaux de ski et snowboard<\/span>. L&rsquo;encadrement est assur\u00e9 par des moniteurs f\u00e9d\u00e9raux. Des sorties sont organis\u00e9es <span class=\"has-inline-color has-luminous-vivid-orange-color\">tous les samedis hors vacances scolaires<\/span> de D\u00e9cembre \u00e0 Mars-Avril en fonction des conditions d&rsquo;enneigement. Le club se d\u00e9place sur les stations des Alpes-Maritimes, en particulier Auron, Isola et Valberg.<\/p>\n\n\n\n<p class=\"has-text-align-justify\">Pour sortir avec le club, il faut :<\/p>\n\n\n\n<ol>\n<li>vous inscrire au club pour la saison (cotisation comprenant licence et assurance) ;<\/li>\n\n\n\n<li>vous inscrire \u00e0 chaque sortie \u00e0 laquelle vous souhaitez participer, avant le mercredi 12h.<\/li>\n<\/ol>\n\n\n\n<p class=\"has-text-align-center has-background has-medium-font-size\" style=\"background-color:#fdf2bf\"><strong><span style=\"text-decoration: underline;\"><span class=\"has-inline-color has-vivid-cyan-blue-color\">Inscription au club<\/span><\/span><\/strong><\/p>\n\n\n\n<p class=\"has-text-align-justify\">L&rsquo;inscription au club se fait en ligne, sous la rubrique \u00ab\u00a0Inscriptions\u00a0\u00bb. L&rsquo;adh\u00e9sion au club est conditionn\u00e9e \u00e0 l&rsquo;acceptation du <a href=\"https:\/\/sscvl.fr\/?p=47001\" title=\"R\u00e8glement du SCVL. Saison 2023-204.\">r\u00e8glement <\/a><a href=\"https:\/\/sscvl.fr\/?p=47001\" target=\"_blank\" rel=\"noopener\" title=\"R\u00e8glement du SCVL. Saison 2023-204.\">int\u00e9rieur<\/a>. Pour s\u00e9lectionner le niveau de l&rsquo;adh\u00e9rent, sauf pour les d\u00e9butants qui d\u00e9couvrent l&rsquo;activit\u00e9, il faut choisir le niveau que vous souhaitez pr\u00e9parer lors du passage des \u00e9toiles en fin de saison. Pour les adh\u00e9rents majeurs (&gt;18 ans), l&rsquo;encadrement reste possible mais vous avez la possibilit\u00e9 de skier en autonomie.<\/p>\n\n\n\n<p class=\"has-text-align-justify\">Concernant <strong>le choix de la licence,<\/strong> le SCVL est affili\u00e9 \u00e0 2 f\u00e9d\u00e9rations : la FFS et la FSGT. Le choix de la licence est libre. Cependant, \u00e0 partir de la 3\u00e8me \u00e9toile, <strong><mark style=\"background-color:rgba(0, 0, 0, 0)\" class=\"has-inline-color has-luminous-vivid-orange-color\">choisissez une licence FSGT<\/mark><\/strong> pour pouvoir participer \u00e0 la course du club et \u00e0 d&rsquo;autres manifestations au cours de la saison. La FSGT est une f\u00e9d\u00e9ration multisports.<\/p>\n\n\n\n<p class=\"has-text-align-justify\">Le montant de l&rsquo;inscription est de <mark style=\"background-color:rgba(0, 0, 0, 0)\" class=\"has-inline-color has-vivid-green-cyan-color\">75 euros pour les enfants de moins de 11 ans<\/mark> (n\u00e9s en 2013 ou apr\u00e8s) et <mark style=\"background-color:rgba(0, 0, 0, 0)\" class=\"has-inline-color has-vivid-green-cyan-color\">80 euros pour les adolescents et \u00e9tudiants et 85 euros pour les adultes.<\/mark> Il comprend la licence avec l&rsquo;assurance et une cotisation annuelle assurant le fonctionnement du club. Les informations relatives \u00e0 la licence et \u00e0 l&rsquo;assurance sont disponibles ci-apr\u00e8s :<\/p>\n\n\n\n<ul>\n<li> <span style=\"text-decoration: underline;\">pour la FFS<\/span>, la licence est la \u00ab\u00a0Carte Neige\u00a0\u00bb et l&rsquo;assurance souscrite de base est l&rsquo;option Primo. Pour des garanties compl\u00e9mentaires d&rsquo;assurance, ou une autre licence, contactez-nous de pr\u00e9f\u00e9rence par mail. Les informations utiles se trouvent <a href=\"https:\/\/ffs.fr\/garanties-dassurance\/\" target=\"_blank\" rel=\"noopener\" title=\"\">ici.<\/a> <\/li>\n\n\n\n<li><span style=\"text-decoration: underline;\">pour la FSGT<\/span>, la licence et l&rsquo;assurance sont multisports (possibilit\u00e9 d&rsquo;adh\u00e9rer \u00e0 d&rsquo;autres clubs affili\u00e9s FSGT avec la m\u00eame licence). Les informations sur les garanties souscrites dans le contrat d&rsquo;assurance sont disponibles <a href=\"https:\/\/www.fsgt.org\/affiliation\/assurance\/\" target=\"_blank\" rel=\"noopener\" title=\"\">ici<\/a>.<\/li>\n<\/ul>\n\n\n\n<p class=\"has-text-align-justify\">Concernant le certificat m\u00e9dical, les r\u00e8gles sont enfin les m\u00eames pour les mineurs et les majeurs. La pr\u00e9sentation d&rsquo;un certificat m\u00e9dical n&rsquo;est plus obligatoire dans la plupart des cas et peut \u00eatre remplac\u00e9 par une attestation sur l&rsquo;honneur. Plus de d\u00e9tails <a href=\"https:\/\/sscvl.fr\/?p=47005\" target=\"_blank\" rel=\"noopener\" title=\"Certificat M\u00e9dical pour la saison 2023-204\">ici<\/a>. En cas de doute, contactez-nous.<\/p>\n\n\n\n<p class=\"has-text-align-center has-background has-medium-font-size\" style=\"background-color:#fdf2bf\"><strong><span style=\"text-decoration: underline;\"><span class=\"has-inline-color has-vivid-cyan-blue-color\">Inscription aux sorties<\/span><\/span><\/strong><\/p>\n\n\n\n<p class=\"has-text-align-justify\">Des sorties sont organis\u00e9es <mark style=\"background-color:rgba(0, 0, 0, 0)\" class=\"has-inline-color has-vivid-green-cyan-color\"><strong>tous les samedis hors vacances scolaires<\/strong><\/mark> de D\u00e9cembre \u00e0 Mars-Avril en fonction des conditions d&rsquo;enneigement. Les inscriptions aux sorties sont ouvertes le Dimanche ou le Lundi pr\u00e9c\u00e9dant imm\u00e9diatement la sortie. <mark style=\"background-color:rgba(0, 0, 0, 0)\" class=\"has-inline-color has-vivid-red-color\"><strong>Elles restent ouvertes dans la limite des places disponibles jusqu&rsquo;au Mercredi 12h<\/strong><\/mark> (moment o\u00f9 nous r\u00e9servons le transport et le restaurant).<\/p>\n\n\n\n<p>Pour les d\u00e9butants, les 3 premi\u00e8res sorties auront lieu les <span style=\"text-decoration: underline;\">samedis 11, 18 et 25 Janvier 2025<\/span>. <mark style=\"background-color:rgba(0, 0, 0, 0)\" class=\"has-inline-color has-vivid-red-color\"><strong>Elles sont obligatoires<\/strong><\/mark> afin que le groupe progresse de mani\u00e8re homog\u00e8ne.<\/p>\n\n\n\n<p class=\"has-text-align-justify\">Le montant de la sortie est de <mark style=\"background-color:rgba(0, 0, 0, 0)\" class=\"has-inline-color has-vivid-green-cyan-color\">42 euros pour les enfants de moins de 11 ans <\/mark><mark style=\"background-color:rgba(0, 0, 0, 0)\" class=\"has-inline-color has-black-color\">(n\u00e9s en 2014 ou apr\u00e8s)<\/mark><mark style=\"background-color:rgba(0, 0, 0, 0)\" class=\"has-inline-color has-vivid-green-cyan-color\">, 44 euros pour les adolescents et \u00e9tudiants et 48 euros pour les adultes<\/mark>. Il comprend le transport, le forfait, l&rsquo;encadrement et le repas chaud au restaurant \u00e0 Midi.<\/p>\n\n\n\n<p class=\"has-text-align-justify\">Dans le bus le matin, les enfants auront la possibilit\u00e9 de commander une viennoiserie (pain au chocolat, croissant ou brioche) \u00e0 1,50 euro. Sur le trajet aller, nous effectuons une pause de quelques minutes pour permettre aux enfants de manger. <span style=\"background-color:rgba(0, 0, 0, 0)\" class=\"has-inline-color has-vivid-green-cyan-color\">Pr\u00e9voyez \u00e9galement dans le sac un gouter et une boisson pour le soir avant le retour en bus.<\/span><\/p>\n\n\n\n<p class=\"has-text-align-justify\">Le rendez-vous est fix\u00e9 \u00e0 6h50 sur le retournement du bus devant le coll\u00e8ge Rom\u00e9e de Villeneuve-Loubet. Deux autres arr\u00eats sont possibles \u00e0 Lingosti\u00e8re et \u00e0 la Manda. Le retour s&rsquo;effectue entre 18H30 et 19H selon la circulation.<\/p>\n","protected":false},"excerpt":{"rendered":"<p>Fonctionnement du club Le Ski et Snowboard Club de Villeneuve-Loubet est ouvert \u00e0 partir de 7 ans pour tous niveaux de ski et snowboard. L&rsquo;encadrement est assur\u00e9 par des moniteurs f\u00e9d\u00e9raux. Des sorties sont organis\u00e9es tous les samedis hors vacances scolaires de D\u00e9cembre \u00e0 Mars-Avril en fonction des conditions d&rsquo;enneigement. Le club se d\u00e9place sur &hellip; <\/p>\n<p class=\"link-more\"><a href=\"https:\/\/sscvl.fr\/?page_id=642\" class=\"more-link\">Continuer la lecture<span class=\"screen-reader-text\"> de &laquo;&nbsp;Informations&nbsp;&raquo;<\/span><\/a><\/p>\n","protected":false},"author":1,"featured_media":0,"parent":513,"menu_order":0,"comment_status":"closed","ping_status":"closed","template":"","meta":{"_exactmetrics_skip_tracking":false,"_exactmetrics_sitenote_active":false,"_exactmetrics_sitenote_note":"","_exactmetrics_sitenote_category":0,"jetpack_post_was_ever_published":false,"footnotes":""},"aioseo_notices":[],"jetpack_sharing_enabled":true,"jetpack_shortlink":"https:\/\/wp.me\/P9mZxG-am","jetpack_likes_enabled":true,"jetpack-related-posts":[{"id":8,"url":"https:\/\/sscvl.fr\/?page_id=8","url_meta":{"origin":642,"position":0},"title":"\u00c0 propos du Club","author":"grand yeti","date":"30 juillet 2017","format":false,"excerpt":"HISTORIQUE DU SKI CLUB DE VILLENEUVE-LOUBETLe \u00ab SKI SCOLAIRE \u00bb a fonctionn\u00e9 \u00e0 VILLENEUVE-LOUBET pendant plus de trente ans, cr\u00e9\u00e9 dans les ann\u00e9es 60 par les directeurs des deux \u00e9coles primaires de la commune, Henri RIVOIRE et Michel BERTEAUX . Cette pratique ouverte aux \u00e9l\u00e8ves de CM1 et CM2 et\u2026","rel":"","context":"Article similaire","block_context":{"text":"Article similaire","link":""},"img":{"alt_text":"","src":"https:\/\/i0.wp.com\/sscvl.fr\/wp-content\/uploads\/2017\/07\/aproposduclub.png?fit=1200%2C800&ssl=1&resize=350%2C200","width":350,"height":200,"srcset":"https:\/\/i0.wp.com\/sscvl.fr\/wp-content\/uploads\/2017\/07\/aproposduclub.png?fit=1200%2C800&ssl=1&resize=350%2C200 1x, https:\/\/i0.wp.com\/sscvl.fr\/wp-content\/uploads\/2017\/07\/aproposduclub.png?fit=1200%2C800&ssl=1&resize=525%2C300 1.5x, https:\/\/i0.wp.com\/sscvl.fr\/wp-content\/uploads\/2017\/07\/aproposduclub.png?fit=1200%2C800&ssl=1&resize=700%2C400 2x, https:\/\/i0.wp.com\/sscvl.fr\/wp-content\/uploads\/2017\/07\/aproposduclub.png?fit=1200%2C800&ssl=1&resize=1050%2C600 3x"},"classes":[]},{"id":7,"url":"https:\/\/sscvl.fr\/","url_meta":{"origin":642,"position":1},"title":"Accueil","author":"grand yeti","date":"30 juillet 2017","format":false,"excerpt":"Bienvenue sur le site du SKI et SNOWBOARD CLUB de VILLEUNEUVE-LOUBET ADRESSE MAIL : sscvl06270@gmail.com Les inscriptions au club sont ferm\u00e9es, le club est complet. Si vous souhaitez \u00eatre mis sur la liste d'attente pour l'ann\u00e9e prochaine, envoyez nous un e-mail en pr\u00e9cisant votre num\u00e9ro de t\u00e9l\u00e9phone. La prochaine sortie\u2026","rel":"","context":"Article similaire","block_context":{"text":"Article similaire","link":""},"img":{"alt_text":"","src":"","width":0,"height":0},"classes":[]},{"id":136,"url":"https:\/\/sscvl.fr\/?page_id=136","url_meta":{"origin":642,"position":2},"title":"Calendrier courses 2025\/2026","author":"grand yeti","date":"5 novembre 2017","format":false,"excerpt":"Rappel : Le port du casque est obligatoire pour tous les coureurs.\u00a0 Tous les coureurs de moins de 18 ans doivent obligatoirement porter une dorsale. Les courses sont ouvertes au groupe comp\u00e9tition et aux 3\u00e8me \u00e9toile (apr\u00e8s validation par les moniteurs du ski-club). L'inscription aux courses est gratuite. Voici les\u2026","rel":"","context":"Article similaire","block_context":{"text":"Article similaire","link":""},"img":{"alt_text":"","src":"","width":0,"height":0},"classes":[]},{"id":11,"url":"https:\/\/sscvl.fr\/?page_id=11","url_meta":{"origin":642,"position":3},"title":"Annonces Club","author":"grand yeti","date":"30 juillet 2017","format":false,"excerpt":"\u00a0PROCHAIN RENDEZ-VOUS : \u00a0 \u00a0 POUR RAPPEL LES TROIS PREMIERES SORTIES SONT OBLIGATOIRES POUR LES DEBUTANTS SKI ET SNOWBOARD. \u00a0","rel":"","context":"Article similaire","block_context":{"text":"Article similaire","link":""},"img":{"alt_text":"","src":"https:\/\/i0.wp.com\/sscvl.fr\/wp-content\/uploads\/2017\/07\/ski-932188_1920.jpg?fit=1200%2C900&ssl=1&resize=350%2C200","width":350,"height":200,"srcset":"https:\/\/i0.wp.com\/sscvl.fr\/wp-content\/uploads\/2017\/07\/ski-932188_1920.jpg?fit=1200%2C900&ssl=1&resize=350%2C200 1x, https:\/\/i0.wp.com\/sscvl.fr\/wp-content\/uploads\/2017\/07\/ski-932188_1920.jpg?fit=1200%2C900&ssl=1&resize=525%2C300 1.5x, https:\/\/i0.wp.com\/sscvl.fr\/wp-content\/uploads\/2017\/07\/ski-932188_1920.jpg?fit=1200%2C900&ssl=1&resize=700%2C400 2x, https:\/\/i0.wp.com\/sscvl.fr\/wp-content\/uploads\/2017\/07\/ski-932188_1920.jpg?fit=1200%2C900&ssl=1&resize=1050%2C600 3x"},"classes":[]},{"id":151,"url":"https:\/\/sscvl.fr\/?page_id=151","url_meta":{"origin":642,"position":4},"title":"R\u00e9sultats","author":"grand yeti","date":"5 novembre 2017","format":false,"excerpt":"Le ski-club de Villeneuve-Loubet s'est rendu du 17 au 19 Mars \u00e0 Val-Cenis \u00e0 l'occasion des championnats de France FSGT de ski. Nous avons le plaisir de vous annoncer les tr\u00e8s belles performances de : Isabelle CHRETIEN,\u00a0 cat\u00e9gorie \"Spatule d'or Femme\",\u00a0championne de France en g\u00e9ant, slalom sp\u00e9cial, super g\u00e9ant et\u2026","rel":"","context":"Article similaire","block_context":{"text":"Article similaire","link":""},"img":{"alt_text":"","src":"https:\/\/i0.wp.com\/sscvl.fr\/wp-content\/uploads\/2023\/03\/Reconnaissance-300x225.jpg?resize=350%2C200&ssl=1","width":350,"height":200},"classes":[]},{"id":47194,"url":"https:\/\/sscvl.fr\/?page_id=47194","url_meta":{"origin":642,"position":5},"title":"Certificat M\u00e9dical","author":"Maxence Maillot","date":"29 ao\u00fbt 2024","format":false,"excerpt":"Enfin la grande simplification pour les certificats m\u00e9dicaux !\u00a0Il n\u2019est plus obligatoire et peut dans la plupart des cas \u00eatre remplac\u00e9 par une simple attestation sur l\u2019honneur. Au moment de l'inscription au club, il vous suffit de cocher la cache correspondante dans la derni\u00e8re partie du formulaire. Pour les licenci\u00e9s\u2026","rel":"","context":"Article similaire","block_context":{"text":"Article similaire","link":""},"img":{"alt_text":"","src":"","width":0,"height":0},"classes":[]}],"_links":{"self":[{"href":"https:\/\/sscvl.fr\/index.php?rest_route=\/wp\/v2\/pages\/642"}],"collection":[{"href":"https:\/\/sscvl.fr\/index.php?rest_route=\/wp\/v2\/pages"}],"about":[{"href":"https:\/\/sscvl.fr\/index.php?rest_route=\/wp\/v2\/types\/page"}],"author":[{"embeddable":true,"href":"https:\/\/sscvl.fr\/index.php?rest_route=\/wp\/v2\/users\/1"}],"replies":[{"embeddable":true,"href":"https:\/\/sscvl.fr\/index.php?rest_route=%2Fwp%2Fv2%2Fcomments&post=642"}],"version-history":[{"count":26,"href":"https:\/\/sscvl.fr\/index.php?rest_route=\/wp\/v2\/pages\/642\/revisions"}],"predecessor-version":[{"id":47202,"href":"https:\/\/sscvl.fr\/index.php?rest_route=\/wp\/v2\/pages\/642\/revisions\/47202"}],"up":[{"embeddable":true,"href":"https:\/\/sscvl.fr\/index.php?rest_route=\/wp\/v2\/pages\/513"}],"wp:attachment":[{"href":"https:\/\/sscvl.fr\/index.php?rest_route=%2Fwp%2Fv2%2Fmedia&parent=642"}],"curies":[{"name":"wp","href":"https:\/\/api.w.org\/{rel}","templated":true}]}}