{"id":7,"date":"2017-07-30T17:42:48","date_gmt":"2017-07-30T15:42:48","guid":{"rendered":"http:\/\/sscvl.fr\/?page_id=7"},"modified":"2026-03-22T16:42:15","modified_gmt":"2026-03-22T15:42:15","slug":"accueil","status":"publish","type":"page","link":"https:\/\/sscvl.fr\/","title":{"rendered":"Accueil"},"content":{"rendered":"<p style=\"text-align: center;\">Bienvenue sur le site du<\/p>\n<p style=\"text-align: center;\"><span style=\"color: #0000ff;\"><strong>SKI et SNOWBOARD CLUB de VILLEUNEUVE-LOUBET<\/strong><\/span><\/p>\n<p style=\"text-align: center;\"><span style=\"color: #ff0000;\"><strong>ADRESSE MAIL : <\/strong><\/span><span style=\"color: #ff0000;\"><strong>sscvl06270@gmail.com<\/strong><\/span><\/p>\n<div style=\"text-align: center;\">\n<div style=\"text-align: center;\">\n<p>Les inscriptions au club sont ferm\u00e9es, le club est complet. Si vous souhaitez \u00eatre mis sur la liste d&rsquo;attente pour l&rsquo;ann\u00e9e prochaine, envoyez nous un e-mail en pr\u00e9cisant votre num\u00e9ro de t\u00e9l\u00e9phone.<\/p>\n<p><span style=\"font-size: revert;\">La prochaine sortie aura lieu le samedi 21 mars \u00e0 Isola 2000, avec le passage des spatules. <\/span><span style=\"font-size: revert;\">Les inscriptions sont ouvertes <a href=\"https:\/\/sscvl.fr\/?page_id=130\">ici<\/a><\/span><\/p>\n<p><strong style=\"font-size: 1rem;\"><span style=\"font-size: 1rem;\">Prochain Rendez-Vous :<\/span><\/strong><\/p>\n<div style=\"text-align: center;\">\n<div style=\"text-align: center;\">\n<div>\n<ul>\n<li>samedi 28 mars: sortie \u00e0 Isola 2000, passage des spatules<\/li>\n<li>samedi 04 avril: sortie \u00e0 Isola 2000, possibilit\u00e9 pour les parents de nous accompagner<\/li>\n<\/ul>\n<\/div>\n<div><\/div>\n<div><\/div>\n<div><\/div>\n<\/div>\n<\/div>\n<div style=\"text-align: center;\"><strong style=\"font-size: 1rem;\"><span style=\"font-size: 1rem;\">Quelques liens utiles :<\/span><\/strong><\/div>\n<div style=\"text-align: center;\"><\/div>\n<div style=\"text-align: center;\"><span style=\"color: #3366ff;\"><a style=\"color: #3366ff;\" href=\"https:\/\/sscvl.fr\/?page_id=642\" target=\"_blank\" rel=\"noopener\">Ici<\/a> <\/span>: Page d&rsquo;information sur le fonctionnement du SCVL<\/div>\n<div style=\"text-align: center;\">&#8211; <a href=\"https:\/\/sscvl.fr\/?page_id=47189\" target=\"_blank\" rel=\"noopener\"><span style=\"color: #3366ff;\">L\u00e0 <\/span><\/a>: Point sur le r\u00e8glement du club<\/div>\n<div style=\"text-align: center;\">&#8211;<a href=\"https:\/\/sscvl.fr\/?page_id=47194\" target=\"_blank\" rel=\"noopener\"> <span style=\"color: #3366ff;\">Et l\u00e0<\/span><\/a> : Point sur le certificat m\u00e9dical.<\/div>\n<div style=\"text-align: center;\">\n<div style=\"text-align: center;\">\n<div><\/div>\n<div style=\"text-align: center;\">\n<div style=\"text-align: center;\">\n<p style=\"text-align: center;\"><span style=\"font-size: 1rem;\">Restez connect\u00e9s au site ou sur la page Facebook du club <\/span><a style=\"font-size: 1rem;\" href=\"https:\/\/www.facebook.com\/SCVL-Ski-Snowboard-Club-de-Villeneuve-Loubet-183569840123\/?hc_ref=ARSebqZz4ETfXEzPurohDFDlehih-9GA9XOSn60CEybS4zu4Bc8reU_cLH5PJZtymgg&amp;fref=nf&amp;__tn__=kC-R\"><span style=\"color: #0000ff;\">ici<\/span><\/a><span style=\"font-size: 1rem;\"> : nous vous communiquerons toute nouvelle information.<\/span><\/p>\n<\/div>\n<\/div>\n<div style=\"text-align: center;\">\n<p style=\"text-align: center;\"><strong style=\"font-size: inherit;\">Vous pouvez nous joindre au : 06 77 14 91 27 ou sscvl06270@gmail.com<\/strong><\/p>\n<\/div>\n<\/div>\n<\/div>\n<\/div>\n<\/div>\n<div style=\"text-align: center;\">\n<div style=\"text-align: center;\">\n<div style=\"text-align: center;\">\n<p style=\"text-align: center;\">\n<\/div>\n<\/div>\n<\/div>\n","protected":false},"excerpt":{"rendered":"<p>Bienvenue sur le site du SKI et SNOWBOARD CLUB de VILLEUNEUVE-LOUBET ADRESSE MAIL : sscvl06270@gmail.com Les inscriptions au club sont ferm\u00e9es, le club est complet. Si vous souhaitez \u00eatre mis sur la liste d&rsquo;attente pour l&rsquo;ann\u00e9e prochaine, envoyez nous un e-mail en pr\u00e9cisant votre num\u00e9ro de t\u00e9l\u00e9phone. La prochaine sortie aura lieu le samedi 21 &hellip; <\/p>\n<p class=\"link-more\"><a href=\"https:\/\/sscvl.fr\/\" class=\"more-link\">Continuer la lecture<span class=\"screen-reader-text\"> de &laquo;&nbsp;Accueil&nbsp;&raquo;<\/span><\/a><\/p>\n","protected":false},"author":1,"featured_media":0,"parent":0,"menu_order":0,"comment_status":"closed","ping_status":"closed","template":"","meta":{"_exactmetrics_skip_tracking":false,"_exactmetrics_sitenote_active":false,"_exactmetrics_sitenote_note":"","_exactmetrics_sitenote_category":0,"jetpack_post_was_ever_published":false,"footnotes":""},"aioseo_notices":[],"jetpack_sharing_enabled":true,"jetpack_shortlink":"https:\/\/wp.me\/P9mZxG-7","jetpack_likes_enabled":true,"jetpack-related-posts":[{"id":642,"url":"https:\/\/sscvl.fr\/?page_id=642","url_meta":{"origin":7,"position":0},"title":"Informations","author":"grand yeti","date":"16 octobre 2020","format":false,"excerpt":"Fonctionnement du club Le Ski et Snowboard Club de Villeneuve-Loubet est ouvert \u00e0 partir de 7 ans pour tous niveaux de ski et snowboard. L'encadrement est assur\u00e9 par des moniteurs f\u00e9d\u00e9raux. Des sorties sont organis\u00e9es tous les samedis hors vacances scolaires de D\u00e9cembre \u00e0 Mars-Avril en fonction des conditions d'enneigement.\u2026","rel":"","context":"Article similaire","block_context":{"text":"Article similaire","link":""},"img":{"alt_text":"","src":"","width":0,"height":0},"classes":[]},{"id":136,"url":"https:\/\/sscvl.fr\/?page_id=136","url_meta":{"origin":7,"position":1},"title":"Calendrier courses 2025\/2026","author":"grand yeti","date":"5 novembre 2017","format":false,"excerpt":"Rappel : Le port du casque est obligatoire pour tous les coureurs.\u00a0 Tous les coureurs de moins de 18 ans doivent obligatoirement porter une dorsale. Les courses sont ouvertes au groupe comp\u00e9tition et aux 3\u00e8me \u00e9toile (apr\u00e8s validation par les moniteurs du ski-club). L'inscription aux courses est gratuite. Voici les\u2026","rel":"","context":"Article similaire","block_context":{"text":"Article similaire","link":""},"img":{"alt_text":"","src":"","width":0,"height":0},"classes":[]},{"id":222,"url":"https:\/\/sscvl.fr\/?page_id=222","url_meta":{"origin":7,"position":2},"title":"Finalisation inscriptions Sorties","author":"grand yeti","date":"3 d\u00e9cembre 2017","format":false,"excerpt":"Votre demande d'inscription est enregistr\u00e9e ! Si vous avez fait une demande d'inscription par ch\u00e8que, merci de vous pr\u00e9senter avec le r\u00e8glement samedi matin. Les rendez-vous: Coll\u00e8ge Rom\u00e9e (Villeneuve-Loubet) : 06h50 Saint Isidore Nice ( Contre all\u00e9e Leclerc ) : 07h10 Pont de la Manda : 7h20 Retour le soir\u2026","rel":"","context":"Article similaire","block_context":{"text":"Article similaire","link":""},"img":{"alt_text":"","src":"","width":0,"height":0},"classes":[]},{"id":47194,"url":"https:\/\/sscvl.fr\/?page_id=47194","url_meta":{"origin":7,"position":3},"title":"Certificat M\u00e9dical","author":"Maxence Maillot","date":"29 ao\u00fbt 2024","format":false,"excerpt":"Enfin la grande simplification pour les certificats m\u00e9dicaux !\u00a0Il n\u2019est plus obligatoire et peut dans la plupart des cas \u00eatre remplac\u00e9 par une simple attestation sur l\u2019honneur. Au moment de l'inscription au club, il vous suffit de cocher la cache correspondante dans la derni\u00e8re partie du formulaire. Pour les licenci\u00e9s\u2026","rel":"","context":"Article similaire","block_context":{"text":"Article similaire","link":""},"img":{"alt_text":"","src":"","width":0,"height":0},"classes":[]},{"id":513,"url":"https:\/\/sscvl.fr\/?page_id=513","url_meta":{"origin":7,"position":4},"title":"Inscriptions","author":"grand yeti","date":"28 ao\u00fbt 2019","format":false,"excerpt":"Toutes les informations utiles se trouvent ici.","rel":"","context":"Article similaire","block_context":{"text":"Article similaire","link":""},"img":{"alt_text":"","src":"","width":0,"height":0},"classes":[]},{"id":8,"url":"https:\/\/sscvl.fr\/?page_id=8","url_meta":{"origin":7,"position":5},"title":"\u00c0 propos du Club","author":"grand yeti","date":"30 juillet 2017","format":false,"excerpt":"HISTORIQUE DU SKI CLUB DE VILLENEUVE-LOUBETLe \u00ab SKI SCOLAIRE \u00bb a fonctionn\u00e9 \u00e0 VILLENEUVE-LOUBET pendant plus de trente ans, cr\u00e9\u00e9 dans les ann\u00e9es 60 par les directeurs des deux \u00e9coles primaires de la commune, Henri RIVOIRE et Michel BERTEAUX . Cette pratique ouverte aux \u00e9l\u00e8ves de CM1 et CM2 et\u2026","rel":"","context":"Article similaire","block_context":{"text":"Article similaire","link":""},"img":{"alt_text":"","src":"https:\/\/i0.wp.com\/sscvl.fr\/wp-content\/uploads\/2017\/07\/aproposduclub.png?fit=1200%2C800&ssl=1&resize=350%2C200","width":350,"height":200,"srcset":"https:\/\/i0.wp.com\/sscvl.fr\/wp-content\/uploads\/2017\/07\/aproposduclub.png?fit=1200%2C800&ssl=1&resize=350%2C200 1x, https:\/\/i0.wp.com\/sscvl.fr\/wp-content\/uploads\/2017\/07\/aproposduclub.png?fit=1200%2C800&ssl=1&resize=525%2C300 1.5x, https:\/\/i0.wp.com\/sscvl.fr\/wp-content\/uploads\/2017\/07\/aproposduclub.png?fit=1200%2C800&ssl=1&resize=700%2C400 2x, https:\/\/i0.wp.com\/sscvl.fr\/wp-content\/uploads\/2017\/07\/aproposduclub.png?fit=1200%2C800&ssl=1&resize=1050%2C600 3x"},"classes":[]}],"_links":{"self":[{"href":"https:\/\/sscvl.fr\/index.php?rest_route=\/wp\/v2\/pages\/7"}],"collection":[{"href":"https:\/\/sscvl.fr\/index.php?rest_route=\/wp\/v2\/pages"}],"about":[{"href":"https:\/\/sscvl.fr\/index.php?rest_route=\/wp\/v2\/types\/page"}],"author":[{"embeddable":true,"href":"https:\/\/sscvl.fr\/index.php?rest_route=\/wp\/v2\/users\/1"}],"replies":[{"embeddable":true,"href":"https:\/\/sscvl.fr\/index.php?rest_route=%2Fwp%2Fv2%2Fcomments&post=7"}],"version-history":[{"count":308,"href":"https:\/\/sscvl.fr\/index.php?rest_route=\/wp\/v2\/pages\/7\/revisions"}],"predecessor-version":[{"id":47469,"href":"https:\/\/sscvl.fr\/index.php?rest_route=\/wp\/v2\/pages\/7\/revisions\/47469"}],"wp:attachment":[{"href":"https:\/\/sscvl.fr\/index.php?rest_route=%2Fwp%2Fv2%2Fmedia&parent=7"}],"curies":[{"name":"wp","href":"https:\/\/api.w.org\/{rel}","templated":true}]}}