{"id":8,"date":"2017-07-30T17:42:48","date_gmt":"2017-07-30T15:42:48","guid":{"rendered":"http:\/\/sscvl.fr\/?page_id=8"},"modified":"2017-07-30T18:14:42","modified_gmt":"2017-07-30T16:14:42","slug":"a-propos-de","status":"publish","type":"page","link":"https:\/\/sscvl.fr\/?page_id=8","title":{"rendered":"\u00c0 propos du Club"},"content":{"rendered":"<p><center><span style=\"color: #99ccff; font-family: Verdana; font-size: large;\">HISTORIQUE DU SKI CLUB<br \/>\nDE VILLENEUVE-LOUBET<\/span><\/center><span style=\"font-family: Verdana;\"><span style=\"font-size: xx-small;\">Le \u00ab SKI SCOLAIRE \u00bb a fonctionn\u00e9 \u00e0 VILLENEUVE-LOUBET pendant plus de trente ans, cr\u00e9\u00e9 dans les ann\u00e9es 60 par les directeurs des deux \u00e9coles primaires de la commune, Henri RIVOIRE et Michel BERTEAUX .<br \/>\nCette pratique ouverte aux \u00e9l\u00e8ves de CM1 et CM2 et qui se d\u00e9roulait essentiellement \u00e0 La Colmiane, avec prise de repas chaud au chalet restaurant \u00ab L&rsquo;Edelweiss \u00bb a vu une grande partie des \u00e9l\u00e8ves de Villeneuve-Loubet d\u00e9couvrir la montagne et le ski entre 9 et 10 ans. Apr\u00e8s leur d\u00e9part \u00e0 la retraite, dans les ann\u00e9es 80 ce fut au tour de Claude HONORE, directeur de l\u2019\u00e9cole Font Bertrane, d\u2019en prendre la responsabilit\u00e9, suivi de Michel BERNARD, Instituteur \u00e0 l\u2019\u00e9cole St Georges, responsable \u00e0 partir de 1988, mais qui en avait \u00e9t\u00e9 moniteur encadrant d\u00e8s sa formation d\u2019instituteur et son dipl\u00f4me ski \u00ab\u00a0d\u2019initiateur de club\u00a0\u00bb avant les ann\u00e9es 70.<\/span><\/span><\/p>\n<p>Pendant de tr\u00e8s nombreuses ann\u00e9es soumis \u00e0 l\u2019al\u00e9atoire volontariat de parents accompagnateurs et d\u2019enseignants b\u00e9n\u00e9voles de moins en moins nombreux, cette activit\u00e9, bien qu\u2019\u00e9largie aux \u00e9l\u00e8ves de CE2 d\u00e9butants et CE1 d\u00e9j\u00e0 pratiquants, voyait tous ses \u00e9l\u00e9ments initi\u00e9s quitter la commune pour continuer cette pratique \u00e0 un niveau plus \u00e9lev\u00e9 dans les clubs de ski des communes voisines CAGNES, ANTIBES et VENCE.<\/p>\n<p>C\u2019est pour r\u00e9pondre \u00e0 ce besoin devenu pressant, sur les souhaits exprim\u00e9s par l\u2019adjoint aux sports au nom de la commune, et en s\u2019appuyant sur l\u2019exp\u00e9rience de son responsable d\u2019alors, pr\u00e9c\u00e9demment Pr\u00e9sident d\u2019un petit ski club \u00e0 NICE et dipl\u00f4m\u00e9 Moniteur de l\u2019Ecole de Ski Fran\u00e7ais avec une exp\u00e9rience de nombreuses ann\u00e9es \u00e0 l\u2019\u00e9cole Italienne de Ski de LIMONE Col de Tende, que fut cr\u00e9\u00e9e l\u2019association du:<\/p>\n<p><span style=\"font-size: medium;\">SKI CLUB de VILLENEUVE-LOUBET<\/span><\/p>\n<p><span style=\"font-family: Verdana; font-size: xx-small;\">d\u00e9clar\u00e9e \u00e0 la sous-pr\u00e9fecture de GRASSE le 05 octobre 1994 par ses membres fondateurs :<br \/>\nMichel BERNARD, Alain HOANG, Aline VATTIER et Michel BRILLANT .<\/span><\/p>\n<p>Affili\u00e9 \u00e0 la F\u00e9d\u00e9ration Fran\u00e7aise de Ski, le ski club peut, \u00e0 partir de l\u00e0, \u00e9tendre ses activit\u00e9s et notamment\u00a0les ouvrir aux \u00e9l\u00e8ves du coll\u00e8ge et du lyc\u00e9e comme \u00e0 ceux des \u00e9coles primaires, ainsi qu\u2019aux familles.\u00a0Il\u00a0peut organiser au del\u00e0 des traditionnelles sorties hebdomadaires du mercredi des s\u00e9jours en p\u00e9riode de vacances et surtout peut se lancer dans une v\u00e9ritable politique de formation de l\u2019encadrement avec acc\u00e8s aux dipl\u00f4mes de Moniteur F\u00e9d\u00e9ral 1er et 2\u00e8me degr\u00e9 de la F.F.S.<\/p>\n<p>Extension du ski scolaire qui comptait traditionnellement une quarantaine de participants \u00e0 chaque sortie, le ski club am\u00e8ne un apport de trente membres \u00e0 sa cr\u00e9ation pour la saison 94\/95, puis 70 membres en 95\/96, 105 membres en 96\/97 pour parvenir \u00e0 135 membres en 97\/98 et culminer \u00e0 165 en 98\/99, avec depuis une r\u00e9gularit\u00e9 d\u2019inscrits fix\u00e9e autour de\u00a0150 membres. (135 en 2001, 153 en 2002, 165 en 2003, 142 en 2004,\u00a0152 en 2005 et\u00a0153 en 2006).<\/p>\n<p>Traditionnellement plac\u00e9es le mercredi, les \u00ab\u00a0sorties de ski scolaire\u00a0\u00bb se trouvent d\u00e9plac\u00e9es au samedi en raison de la mise en place de la \u00ab\u00a0semaine Guy Drut\u00a0\u00bb durant trois ans de 1995 \u00e0 1998\u00a0, mais le retour \u00e0 la \u00ab\u00a0semaine normale\u00a0\u00bb par l\u2019instauration de la \u00ab\u00a0semaine \u00e0 4 jours\u00a0\u00bb maintien la journ\u00e9e de samedi pour le ski, avec l\u2019avantage de laisser le mercredi\u00a0 libre pour toutes les autres activit\u00e9s, et permet \u00e9galement d\u2019\u00eatre suivie d\u2019une journ\u00e9e de repos le dimanche. A la satisfaction de tous, le ski scolaire continuera donc le samedi et s\u2019\u00e9toffera de journ\u00e9es compl\u00e9mentaires le mercredi et le dimanche, pour les plus performants ayant amen\u00e9 la cr\u00e9ation d\u2019un \u00ab\u00a0groupe comp\u00e9tition\u00a0\u00bb, qui apr\u00e8s les in\u00e9vitables difficult\u00e9s li\u00e9es \u00e0 ce type de mise en place de pratique de haut niveau verra sa r\u00e9ussite concr\u00e9tis\u00e9e par les excellents r\u00e9sultats individuels et collectifs de 2001\u00a0: le ski club se classe 2\u00e8me club citadin r\u00e9gional, devant nombre de ses vieux clubs devanciers. En 2002 le groupe comp\u00e9tition ram\u00e8nera 10 m\u00e9dailles du championnat de France FSGT en Savoie avec notamment 1 championne de France junior en slalom, slalom g\u00e9ant et championne de France toutes cat\u00e9gories en combin\u00e9: C\u00e9line VOCISANO. (C\u00e9line OLIVIERI 3\u00e8me en g\u00e9ant \u00ab\u00a0jeunes\u00a0\u00bb et Gr\u00e9goire PINEAU 2\u00e8me en slalom \u00ab\u00a0jeunes\u00a0\u00bb et 3\u00e8me en g\u00e9ant et au combin\u00e9).<\/p>\n<p>Apr\u00e8s la mise en place du groupe comp\u00e9tition en 98, le ski club ouvre sa section snowboard en 99 qui permet de r\u00e9pondre \u00e0 un besoin grandissant de cette discipline attirant beaucoup les ados, y compris ceux qui avaient atteint un bon niveau \u00e0 ski\u00a0: 15 en 99, puis 20 en 2000 et enfin plus de 30 en 2001. (35 en 2002 et 32 en 2003 et r\u00e9guli\u00e8rement une bonne quarantaine depuis).<\/p>\n<p><span style=\"font-size: xx-small;\"><span style=\"font-family: Verdana;\">En m\u00eame temps, pendant que le nombre de participants au stage d\u2019hiver de Limone durant la 1\u00e8re semaine des cong\u00e9s scolaires de f\u00e9vrier ne cesse d\u2019augmenter\u00a0: 19 en 96, 26 en 97, 42 en 98, 72 en 99 puis r\u00e9guli\u00e8rement une cinquantaine en 2000, 2001, 2002 et 2003\u00a0et depuis,\u00a0un stage d\u2019entra\u00eenement d\u2019\u00e9t\u00e9 est mis en place la premi\u00e8re semaine de juillet\u00a0d\u00e8s 99 \u00e0 TIGNES ou aux 2 ALPES\u00a0, ouvert aux meilleurs skieurs ou snowboardeurs\u00a0: 5 en 99, 16 en 2000, 24 en 2001 et 34 en 2002. Stages malheureusement\u00a0annul\u00e9s depuis 2003 faute de participants suffisants<br \/>\nTout au long de ces ann\u00e9es, le ski club n\u2019a cess\u00e9 d\u2019am\u00e9liorer son \u00e9quipement mat\u00e9riel et d\u2019amener un bon nombre des membres de son encadrement \u00e0 acqu\u00e9rir une formation officielle m\u00eame si ceux-ci n\u2019ont pas toujours pu rester aussi longtemps qu\u2019on aurait pu le souhaiter\u00a0:<\/span><\/span><\/p>\n<p>6 stages de formation au MF1 (Moniteur F\u00e9d\u00e9ral 1er degr\u00e9) ont ainsi \u00e9t\u00e9 financ\u00e9s par le club, suivis ensuite de 4 stages de pr\u00e9paration au MF2, 2 stages de MF1 snowboard l&rsquo;hiver 2001, 1 stage MF1 ski en 2002 et 2 stage MF1 snowboard en fin de saison 2004. Le reste de l\u2019encadrement \u00e9tant constitu\u00e9 d\u2019animateurs dipl\u00f4m\u00e9s\u00a0B.A.F.A. ou d\u2019accompagnateurs b\u00e9n\u00e9voles en sureffectif sur les groupes de ski, par niveau. Ce processus de formation s&rsquo;est continu\u00e9 avec deux MF1 ski les plus r\u00e9cents form\u00e9s en 2009.<\/p>\n<p>Sur le plan mat\u00e9riel\u00a0: achat de blousons aux couleurs du club (jaune et noir, les couleurs de Villeneuve-Loubet) et renouvel\u00e9s pour l\u2019encadrement en 2004, piquets d\u2019entra\u00eenement de slalom et perforatrice, dossard pour les groupes d\u2019enfants en ski loisirs et brassards pour les snowboardeurs, cam\u00e9scope et\u00a0Talkye-walkye pour le suivi de l\u2019entra\u00eenement,\u00a0 la communication et la s\u00e9curit\u00e9\u00a0dans les groupes.<\/p>\n<p>Fid\u00e8le \u00e0 sa \u00ab\u00a0d\u00e9claration\u00a0\u00bb, le Ski et Snowboard Club de Villeneuve-Loubet oeuvrera pour \u00ab\u00a0promouvoir la pratique du ski\u00a0et du snowboard\u00bb, dans un esprit sportif et convivial, privil\u00e9giant la pratique loisir, l\u2019initiation, le ski de masse, tout en mettant le maximum d\u2019atouts de son c\u00f4t\u00e9 pour d\u00e9velopper le snowboard et la pratique du ski de comp\u00e9tition pour tous ceux qui auront acc\u00e9d\u00e9 \u00e0 ce niveau. C\u2019est ainsi que l\u2019affiliation \u00e9galement \u00e0 l\u2019A.F.S. (Association Fran\u00e7aise de Snowboard) et \u00e0 la F.S.G.T. (F\u00e9d\u00e9ration Sportive et Gymnique du Travail) permet l\u2019acc\u00e8s aux \u00e9preuves et manifestations organis\u00e9es par ces diverses F\u00e9d\u00e9rations, multipliant pour nos jeunes pratiquants les possibilit\u00e9s de rencontres et de comp\u00e9titions et ce \u00e0 des niveaux diff\u00e9rents\u00a0: local, r\u00e9gional, et m\u00eame national.<\/p>\n<p>A noter qu&rsquo;au cours de la saison 2001\/2002, a \u00e9t\u00e9 mise en place une collaboration tr\u00e8s fructueuse avec le ski club de Tende (entra\u00eenement commun en f\u00e9vrier \u00e0 Limone et stages organis\u00e9 en commun en juillet aux Deux alpes en 2001 et en 2002, inaugurant une in\u00e9dite \u00ab\u00a0fraternit\u00e9 sportive\u00a0\u00bb entre deux clubs, l\u2019un citadin l\u2019autre de montagne r\u00e9ussissant pour une saison compl\u00e8te \u00e0 regrouper leurs coureurs pour se d\u00e9placer ensemble sur les \u00e9preuves des calendriers des comp\u00e9titions des diverses cat\u00e9gories ainsi et surtout que les journ\u00e9es et s\u00e9jours d\u2019entra\u00eenement).<\/p>\n<p><span style=\"font-size: xx-small;\"><span style=\"font-family: Verdana;\">Depuis, le Ski et Snowboard club de Villeneuve Loubet n&rsquo;a cess\u00e9 de renforcer sa structure, son fonctionnement sur toute la saison d&rsquo;hiver, ses op\u00e9rations compl\u00e9mentaires: journ\u00e9e des associations en septembre, Bourse aux skis de Novembre, soir\u00e9e des m\u00e9dailles en mai et soir\u00e9es hebdomadaires de permanence le jeudi, \u00e0 la maison des associations tout au long de la saison.<\/span><\/span><\/p>\n<p><span style=\"font-size: xx-small;\"><span style=\"font-family: Verdana;\"><br \/>\nLes dirigeants, les membres et l\u2019environnement de cette association devenue d\u00e9sormais une Institution dans le paysage culturel, social et sportif de la commune ne peuvent que souhaiter\u00a0:\u00a0<\/span><\/span><\/p>\n","protected":false},"excerpt":{"rendered":"<p>HISTORIQUE DU SKI CLUB DE VILLENEUVE-LOUBETLe \u00ab SKI SCOLAIRE \u00bb a fonctionn\u00e9 \u00e0 VILLENEUVE-LOUBET pendant plus de trente ans, cr\u00e9\u00e9 dans les ann\u00e9es 60 par les directeurs des deux \u00e9coles primaires de la commune, Henri RIVOIRE et Michel BERTEAUX . Cette pratique ouverte aux \u00e9l\u00e8ves de CM1 et CM2 et qui se d\u00e9roulait essentiellement \u00e0 &hellip; <\/p>\n<p class=\"link-more\"><a href=\"https:\/\/sscvl.fr\/?page_id=8\" class=\"more-link\">Continuer la lecture<span class=\"screen-reader-text\"> de &laquo;&nbsp;\u00c0 propos du Club&nbsp;&raquo;<\/span><\/a><\/p>\n","protected":false},"author":1,"featured_media":36,"parent":0,"menu_order":4,"comment_status":"closed","ping_status":"closed","template":"","meta":{"_exactmetrics_skip_tracking":false,"_exactmetrics_sitenote_active":false,"_exactmetrics_sitenote_note":"","_exactmetrics_sitenote_category":0,"jetpack_post_was_ever_published":false,"footnotes":""},"aioseo_notices":[],"jetpack_sharing_enabled":true,"jetpack_shortlink":"https:\/\/wp.me\/P9mZxG-8","jetpack_likes_enabled":true,"jetpack-related-posts":[{"id":642,"url":"https:\/\/sscvl.fr\/?page_id=642","url_meta":{"origin":8,"position":0},"title":"Informations","author":"grand yeti","date":"16 octobre 2020","format":false,"excerpt":"Fonctionnement du club Le Ski et Snowboard Club de Villeneuve-Loubet est ouvert \u00e0 partir de 7 ans pour tous niveaux de ski et snowboard. L'encadrement est assur\u00e9 par des moniteurs f\u00e9d\u00e9raux. Des sorties sont organis\u00e9es tous les samedis hors vacances scolaires de D\u00e9cembre \u00e0 Mars-Avril en fonction des conditions d'enneigement.\u2026","rel":"","context":"Article similaire","block_context":{"text":"Article similaire","link":""},"img":{"alt_text":"","src":"","width":0,"height":0},"classes":[]},{"id":136,"url":"https:\/\/sscvl.fr\/?page_id=136","url_meta":{"origin":8,"position":1},"title":"Calendrier courses 2025\/2026","author":"grand yeti","date":"5 novembre 2017","format":false,"excerpt":"Rappel : Le port du casque est obligatoire pour tous les coureurs.\u00a0 Tous les coureurs de moins de 18 ans doivent obligatoirement porter une dorsale. Les courses sont ouvertes au groupe comp\u00e9tition et aux 3\u00e8me \u00e9toile (apr\u00e8s validation par les moniteurs du ski-club). L'inscription aux courses est gratuite. Voici les\u2026","rel":"","context":"Article similaire","block_context":{"text":"Article similaire","link":""},"img":{"alt_text":"","src":"","width":0,"height":0},"classes":[]},{"id":151,"url":"https:\/\/sscvl.fr\/?page_id=151","url_meta":{"origin":8,"position":2},"title":"R\u00e9sultats","author":"grand yeti","date":"5 novembre 2017","format":false,"excerpt":"Le ski-club de Villeneuve-Loubet s'est rendu du 17 au 19 Mars \u00e0 Val-Cenis \u00e0 l'occasion des championnats de France FSGT de ski. Nous avons le plaisir de vous annoncer les tr\u00e8s belles performances de : Isabelle CHRETIEN,\u00a0 cat\u00e9gorie \"Spatule d'or Femme\",\u00a0championne de France en g\u00e9ant, slalom sp\u00e9cial, super g\u00e9ant et\u2026","rel":"","context":"Article similaire","block_context":{"text":"Article similaire","link":""},"img":{"alt_text":"","src":"https:\/\/i0.wp.com\/sscvl.fr\/wp-content\/uploads\/2023\/03\/Reconnaissance-300x225.jpg?resize=350%2C200&ssl=1","width":350,"height":200},"classes":[]},{"id":47211,"url":"https:\/\/sscvl.fr\/?page_id=47211","url_meta":{"origin":8,"position":3},"title":"Inscription 30 ans du SCVL : CB","author":"Maxence Maillot","date":"3 septembre 2024","format":false,"excerpt":"Le SCVL a \u00e9t\u00e9 fond\u00e9 en 1994. Nous f\u00eatons cette ann\u00e9e son 30\u00e8me anniversaire. A cette occasion, nous vous attendons nombreux pour une soir\u00e9e festive \u00e0 la salle Marcel Jacques de Villeneuve-Loubet (la m\u00eame que la bourse aux skis) le samedi 12 Octobre \u00e0 partir de 17h. Au menu :\u2026","rel":"","context":"Article similaire","block_context":{"text":"Article similaire","link":""},"img":{"alt_text":"","src":"","width":0,"height":0},"classes":[]},{"id":7,"url":"https:\/\/sscvl.fr\/","url_meta":{"origin":8,"position":4},"title":"Accueil","author":"grand yeti","date":"30 juillet 2017","format":false,"excerpt":"Bienvenue sur le site du SKI et SNOWBOARD CLUB de VILLEUNEUVE-LOUBET ADRESSE MAIL : sscvl06270@gmail.com Les inscriptions au club sont ferm\u00e9es, le club est complet. Si vous souhaitez \u00eatre mis sur la liste d'attente pour l'ann\u00e9e prochaine, envoyez nous un e-mail en pr\u00e9cisant votre num\u00e9ro de t\u00e9l\u00e9phone. La prochaine sortie\u2026","rel":"","context":"Article similaire","block_context":{"text":"Article similaire","link":""},"img":{"alt_text":"","src":"","width":0,"height":0},"classes":[]},{"id":222,"url":"https:\/\/sscvl.fr\/?page_id=222","url_meta":{"origin":8,"position":5},"title":"Finalisation inscriptions Sorties","author":"grand yeti","date":"3 d\u00e9cembre 2017","format":false,"excerpt":"Votre demande d'inscription est enregistr\u00e9e ! Si vous avez fait une demande d'inscription par ch\u00e8que, merci de vous pr\u00e9senter avec le r\u00e8glement samedi matin. Les rendez-vous: Coll\u00e8ge Rom\u00e9e (Villeneuve-Loubet) : 06h50 Saint Isidore Nice ( Contre all\u00e9e Leclerc ) : 07h10 Pont de la Manda : 7h20 Retour le soir\u2026","rel":"","context":"Article similaire","block_context":{"text":"Article similaire","link":""},"img":{"alt_text":"","src":"","width":0,"height":0},"classes":[]}],"_links":{"self":[{"href":"https:\/\/sscvl.fr\/index.php?rest_route=\/wp\/v2\/pages\/8"}],"collection":[{"href":"https:\/\/sscvl.fr\/index.php?rest_route=\/wp\/v2\/pages"}],"about":[{"href":"https:\/\/sscvl.fr\/index.php?rest_route=\/wp\/v2\/types\/page"}],"author":[{"embeddable":true,"href":"https:\/\/sscvl.fr\/index.php?rest_route=\/wp\/v2\/users\/1"}],"replies":[{"embeddable":true,"href":"https:\/\/sscvl.fr\/index.php?rest_route=%2Fwp%2Fv2%2Fcomments&post=8"}],"version-history":[{"count":3,"href":"https:\/\/sscvl.fr\/index.php?rest_route=\/wp\/v2\/pages\/8\/revisions"}],"predecessor-version":[{"id":37,"href":"https:\/\/sscvl.fr\/index.php?rest_route=\/wp\/v2\/pages\/8\/revisions\/37"}],"wp:featuredmedia":[{"embeddable":true,"href":"https:\/\/sscvl.fr\/index.php?rest_route=\/wp\/v2\/media\/36"}],"wp:attachment":[{"href":"https:\/\/sscvl.fr\/index.php?rest_route=%2Fwp%2Fv2%2Fmedia&parent=8"}],"curies":[{"name":"wp","href":"https:\/\/api.w.org\/{rel}","templated":true}]}}