{"id":9,"date":"2017-07-30T17:42:48","date_gmt":"2017-07-30T15:42:48","guid":{"rendered":"http:\/\/sscvl.fr\/?page_id=9"},"modified":"2020-09-08T09:58:25","modified_gmt":"2020-09-08T07:58:25","slug":"contact","status":"publish","type":"page","link":"https:\/\/sscvl.fr\/?page_id=9","title":{"rendered":"Contactez nous"},"content":{"rendered":"\n<p style=\"text-align:center\"><strong>MAIL<\/strong> : <strong>sscvl06270@gmail.com<\/strong><\/p>\n\n\n\n<p style=\"text-align:center\"><strong>TELEPHONE <\/strong>: <strong>06 77 14 91 27<\/strong><\/p>\n","protected":false},"excerpt":{"rendered":"<p>MAIL : sscvl06270@gmail.com TELEPHONE : 06 77 14 91 27<\/p>\n","protected":false},"author":1,"featured_media":63,"parent":0,"menu_order":0,"comment_status":"closed","ping_status":"closed","template":"","meta":{"_exactmetrics_skip_tracking":false,"_exactmetrics_sitenote_active":false,"_exactmetrics_sitenote_note":"","_exactmetrics_sitenote_category":0,"jetpack_post_was_ever_published":false,"footnotes":""},"aioseo_notices":[],"jetpack_sharing_enabled":true,"jetpack_shortlink":"https:\/\/wp.me\/P9mZxG-9","jetpack_likes_enabled":true,"jetpack-related-posts":[{"id":7,"url":"https:\/\/sscvl.fr\/","url_meta":{"origin":9,"position":0},"title":"Accueil","author":"grand yeti","date":"30 juillet 2017","format":false,"excerpt":"Bienvenue sur le site du SKI et SNOWBOARD CLUB de VILLEUNEUVE-LOUBET ADRESSE MAIL : sscvl06270@gmail.com Les inscriptions au club sont ferm\u00e9es, le club est complet. Si vous souhaitez \u00eatre mis sur la liste d'attente pour l'ann\u00e9e prochaine, envoyez nous un e-mail en pr\u00e9cisant votre num\u00e9ro de t\u00e9l\u00e9phone. La prochaine sortie\u2026","rel":"","context":"Article similaire","block_context":{"text":"Article similaire","link":""},"img":{"alt_text":"","src":"","width":0,"height":0},"classes":[]},{"id":113,"url":"https:\/\/sscvl.fr\/?page_id=113","url_meta":{"origin":9,"position":1},"title":"Finalisation inscription","author":"grand yeti","date":"21 octobre 2017","format":false,"excerpt":"Votre demande d'inscription est enregistr\u00e9e ! Vous allez recevoir un Email. V\u00e9rifiez vos spams le cas \u00e9ch\u00e9ant. Si vous avez fait une demande d'inscription par ch\u00e8que, celle-ci sera valid\u00e9e une fois le ch\u00e8que r\u00e9ceptionn\u00e9 dans la boite aux lettres du club. IMPORTANT N'oubliez pas, si n\u00e9cessaire, votre certificat m\u00e9dical selon\u2026","rel":"","context":"Article similaire","block_context":{"text":"Article similaire","link":""},"img":{"alt_text":"","src":"","width":0,"height":0},"classes":[]},{"id":642,"url":"https:\/\/sscvl.fr\/?page_id=642","url_meta":{"origin":9,"position":2},"title":"Informations","author":"grand yeti","date":"16 octobre 2020","format":false,"excerpt":"Fonctionnement du club Le Ski et Snowboard Club de Villeneuve-Loubet est ouvert \u00e0 partir de 7 ans pour tous niveaux de ski et snowboard. L'encadrement est assur\u00e9 par des moniteurs f\u00e9d\u00e9raux. Des sorties sont organis\u00e9es tous les samedis hors vacances scolaires de D\u00e9cembre \u00e0 Mars-Avril en fonction des conditions d'enneigement.\u2026","rel":"","context":"Article similaire","block_context":{"text":"Article similaire","link":""},"img":{"alt_text":"","src":"","width":0,"height":0},"classes":[]},{"id":47211,"url":"https:\/\/sscvl.fr\/?page_id=47211","url_meta":{"origin":9,"position":3},"title":"Inscription 30 ans du SCVL : CB","author":"Maxence Maillot","date":"3 septembre 2024","format":false,"excerpt":"Le SCVL a \u00e9t\u00e9 fond\u00e9 en 1994. Nous f\u00eatons cette ann\u00e9e son 30\u00e8me anniversaire. A cette occasion, nous vous attendons nombreux pour une soir\u00e9e festive \u00e0 la salle Marcel Jacques de Villeneuve-Loubet (la m\u00eame que la bourse aux skis) le samedi 12 Octobre \u00e0 partir de 17h. Au menu :\u2026","rel":"","context":"Article similaire","block_context":{"text":"Article similaire","link":""},"img":{"alt_text":"","src":"","width":0,"height":0},"classes":[]},{"id":47189,"url":"https:\/\/sscvl.fr\/?page_id=47189","url_meta":{"origin":9,"position":4},"title":"R\u00e8glement int\u00e9rieur du SCVL","author":"Maxence Maillot","date":"29 ao\u00fbt 2024","format":false,"excerpt":"Bonjour \u00e0 tous. Nous avons le plaisir de vous transmettre\u00a0le r\u00e8glement du SCVL. Pas de grandes nouveaut\u00e9s, mais quelques rappels utiles pour bien pr\u00e9parer la saison sur les pistes ! R\u00e8glement int\u00e9rieur du SCVLT\u00e9l\u00e9charger","rel":"","context":"Article similaire","block_context":{"text":"Article similaire","link":""},"img":{"alt_text":"","src":"","width":0,"height":0},"classes":[]},{"id":212,"url":"https:\/\/sscvl.fr\/?page_id=212","url_meta":{"origin":9,"position":5},"title":"Inscription Sorties Ch\u00e8que\/Esp\u00e8ce\/Avoir","author":"grand yeti","date":"3 d\u00e9cembre 2017","format":false,"excerpt":"Sortie le samedi 28 mars 2026 \u00e0 Isola 2000 RAPPEL\u00a0 : Pensez \u00e0 commander vos viennoiseries pour le matin. Et pr\u00e9voyez go\u00fbter et boisson pour l'apr\u00e8s-midi. Attention :\u00a0 Nous sommes nombreux : soyez ponctuels aux points de RV Coll\u00e8ge Rom\u00e9e : 6h45. Saint-Isidore : 7h05. Pont de la Manda :\u2026","rel":"","context":"Article similaire","block_context":{"text":"Article similaire","link":""},"img":{"alt_text":"","src":"","width":0,"height":0},"classes":[]}],"_links":{"self":[{"href":"https:\/\/sscvl.fr\/index.php?rest_route=\/wp\/v2\/pages\/9"}],"collection":[{"href":"https:\/\/sscvl.fr\/index.php?rest_route=\/wp\/v2\/pages"}],"about":[{"href":"https:\/\/sscvl.fr\/index.php?rest_route=\/wp\/v2\/types\/page"}],"author":[{"embeddable":true,"href":"https:\/\/sscvl.fr\/index.php?rest_route=\/wp\/v2\/users\/1"}],"replies":[{"embeddable":true,"href":"https:\/\/sscvl.fr\/index.php?rest_route=%2Fwp%2Fv2%2Fcomments&post=9"}],"version-history":[{"count":6,"href":"https:\/\/sscvl.fr\/index.php?rest_route=\/wp\/v2\/pages\/9\/revisions"}],"predecessor-version":[{"id":624,"href":"https:\/\/sscvl.fr\/index.php?rest_route=\/wp\/v2\/pages\/9\/revisions\/624"}],"wp:featuredmedia":[{"embeddable":true,"href":"https:\/\/sscvl.fr\/index.php?rest_route=\/wp\/v2\/media\/63"}],"wp:attachment":[{"href":"https:\/\/sscvl.fr\/index.php?rest_route=%2Fwp%2Fv2%2Fmedia&parent=9"}],"curies":[{"name":"wp","href":"https:\/\/api.w.org\/{rel}","templated":true}]}}